{"id":842,"date":"2021-04-24T22:40:51","date_gmt":"2021-04-24T20:40:51","guid":{"rendered":"https:\/\/hedvigagutierrez.sk\/?page_id=842"},"modified":"2024-05-13T18:04:37","modified_gmt":"2024-05-13T16:04:37","slug":"vtacie-dobrodruzstva","status":"publish","type":"page","link":"https:\/\/hedvigagutierrez.sk\/?page_id=842","title":{"rendered":"Vt\u00e1\u010die dobrodru\u017estv\u00e1"},"content":{"rendered":"\t\t<div data-elementor-type=\"wp-page\" data-elementor-id=\"842\" class=\"elementor elementor-842\">\n\t\t\t\t\t\t<section class=\"elementor-section elementor-top-section elementor-element elementor-element-45a811b elementor-section-boxed elementor-section-height-default elementor-section-height-default\" data-id=\"45a811b\" data-element_type=\"section\" data-e-type=\"section\">\n\t\t\t\t\t\t<div class=\"elementor-container elementor-column-gap-default\">\n\t\t\t\t\t<div class=\"elementor-column elementor-col-100 elementor-top-column elementor-element elementor-element-86afc44\" data-id=\"86afc44\" data-element_type=\"column\" data-e-type=\"column\">\n\t\t\t<div class=\"elementor-widget-wrap elementor-element-populated\">\n\t\t\t\t\t\t<div class=\"elementor-element elementor-element-8ec64e9 elementor-widget elementor-widget-heading\" data-id=\"8ec64e9\" data-element_type=\"widget\" data-e-type=\"widget\" data-widget_type=\"heading.default\">\n\t\t\t\t<div class=\"elementor-widget-container\">\n\t\t\t\t\t<h2 class=\"elementor-heading-title elementor-size-default\">Vt\u00e1\u010die dobrodru\u017estv\u00e1<\/h2>\t\t\t\t<\/div>\n\t\t\t\t<\/div>\n\t\t\t\t\t<\/div>\n\t\t<\/div>\n\t\t\t\t\t<\/div>\n\t\t<\/section>\n\t\t\t\t<section class=\"elementor-section elementor-top-section elementor-element elementor-element-3b95a4c elementor-section-boxed elementor-section-height-default elementor-section-height-default\" data-id=\"3b95a4c\" data-element_type=\"section\" data-e-type=\"section\">\n\t\t\t\t\t\t<div class=\"elementor-container elementor-column-gap-default\">\n\t\t\t\t\t<div class=\"elementor-column elementor-col-100 elementor-top-column elementor-element elementor-element-03064bd\" data-id=\"03064bd\" data-element_type=\"column\" data-e-type=\"column\">\n\t\t\t<div class=\"elementor-widget-wrap elementor-element-populated\">\n\t\t\t\t\t\t<div class=\"elementor-element elementor-element-973cf15 elementor-widget__width-initial elementor-widget elementor-widget-text-editor\" data-id=\"973cf15\" data-element_type=\"widget\" data-e-type=\"widget\" data-widget_type=\"text-editor.default\">\n\t\t\t\t<div class=\"elementor-widget-container\">\n\t\t\t\t\t\t\t\t\t<p><span style=\"color: #000000;\"><strong>Text:<\/strong> Ivona \u010euri\u010dov\u00e1<\/span><\/p><p><span style=\"color: #000000;\"><strong>Publisher:<\/strong> Ikar, 2019<\/span><\/p>\t\t\t\t\t\t\t\t<\/div>\n\t\t\t\t<\/div>\n\t\t\t\t\t<\/div>\n\t\t<\/div>\n\t\t\t\t\t<\/div>\n\t\t<\/section>\n\t\t\t\t<section class=\"elementor-section elementor-top-section elementor-element elementor-element-7714aa4 elementor-section-boxed elementor-section-height-default elementor-section-height-default elementor-invisible\" data-id=\"7714aa4\" data-element_type=\"section\" data-e-type=\"section\" data-settings=\"{&quot;animation&quot;:&quot;fadeIn&quot;}\">\n\t\t\t\t\t\t<div class=\"elementor-container elementor-column-gap-default\">\n\t\t\t\t\t<div class=\"elementor-column elementor-col-100 elementor-top-column elementor-element elementor-element-49731d6\" data-id=\"49731d6\" data-element_type=\"column\" data-e-type=\"column\">\n\t\t\t<div class=\"elementor-widget-wrap elementor-element-populated\">\n\t\t\t\t\t\t<div class=\"elementor-element elementor-element-dfa101c gallery-spacing-custom elementor-widget elementor-widget-image-gallery\" data-id=\"dfa101c\" data-element_type=\"widget\" data-e-type=\"widget\" data-widget_type=\"image-gallery.default\">\n\t\t\t\t<div class=\"elementor-widget-container\">\n\t\t\t\t\t\t\t<div class=\"elementor-image-gallery\">\n\t\t\t<div id='gallery-14' class='gallery galleryid-842 gallery-columns-2 gallery-size-full'><figure class='gallery-item'>\n\t\t\t<div class='gallery-icon portrait'>\n\t\t\t\t<a  href='https:\/\/hedvigagutierrez.sk\/wp-content\/uploads\/2021\/04\/3-4-scaled.jpg'><img fetchpriority=\"high\" decoding=\"async\" width=\"2198\" height=\"2560\" src=\"https:\/\/hedvigagutierrez.sk\/wp-content\/uploads\/2021\/04\/3-4-scaled.jpg\" class=\"attachment-full size-full\" alt=\"Vt\u00e1\u010die dobrodru\u017estv\u00e1\" srcset=\"https:\/\/hedvigagutierrez.sk\/wp-content\/uploads\/2021\/04\/3-4-scaled.jpg 2198w, https:\/\/hedvigagutierrez.sk\/wp-content\/uploads\/2021\/04\/3-4-258x300.jpg 258w, https:\/\/hedvigagutierrez.sk\/wp-content\/uploads\/2021\/04\/3-4-879x1024.jpg 879w, https:\/\/hedvigagutierrez.sk\/wp-content\/uploads\/2021\/04\/3-4-768x895.jpg 768w, https:\/\/hedvigagutierrez.sk\/wp-content\/uploads\/2021\/04\/3-4-1319x1536.jpg 1319w, https:\/\/hedvigagutierrez.sk\/wp-content\/uploads\/2021\/04\/3-4-1758x2048.jpg 1758w\" sizes=\"(max-width: 2198px) 100vw, 2198px\" title=\"Vt\u00e1\u010die dobrodru\u017estv\u00e1\" \/><\/a>\n\t\t\t<\/div><\/figure><figure class='gallery-item'>\n\t\t\t<div class='gallery-icon portrait'>\n\t\t\t\t<a  href='https:\/\/hedvigagutierrez.sk\/wp-content\/uploads\/2021\/04\/4-3-scaled.jpg'><img decoding=\"async\" width=\"2198\" height=\"2560\" src=\"https:\/\/hedvigagutierrez.sk\/wp-content\/uploads\/2021\/04\/4-3-scaled.jpg\" class=\"attachment-full size-full\" alt=\"Vt\u00e1\u010die dobrodru\u017estv\u00e1\" srcset=\"https:\/\/hedvigagutierrez.sk\/wp-content\/uploads\/2021\/04\/4-3-scaled.jpg 2198w, https:\/\/hedvigagutierrez.sk\/wp-content\/uploads\/2021\/04\/4-3-258x300.jpg 258w, https:\/\/hedvigagutierrez.sk\/wp-content\/uploads\/2021\/04\/4-3-879x1024.jpg 879w, https:\/\/hedvigagutierrez.sk\/wp-content\/uploads\/2021\/04\/4-3-768x895.jpg 768w, https:\/\/hedvigagutierrez.sk\/wp-content\/uploads\/2021\/04\/4-3-1319x1536.jpg 1319w, https:\/\/hedvigagutierrez.sk\/wp-content\/uploads\/2021\/04\/4-3-1758x2048.jpg 1758w\" sizes=\"(max-width: 2198px) 100vw, 2198px\" title=\"Vt\u00e1\u010die dobrodru\u017estv\u00e1\" \/><\/a>\n\t\t\t<\/div><\/figure><figure class='gallery-item'>\n\t\t\t<div class='gallery-icon portrait'>\n\t\t\t\t<a  href='https:\/\/hedvigagutierrez.sk\/wp-content\/uploads\/2021\/04\/1-3-scaled.jpg'><img decoding=\"async\" width=\"2198\" height=\"2560\" src=\"https:\/\/hedvigagutierrez.sk\/wp-content\/uploads\/2021\/04\/1-3-scaled.jpg\" class=\"attachment-full size-full\" alt=\"Vt\u00e1\u010die dobrodru\u017estv\u00e1\" srcset=\"https:\/\/hedvigagutierrez.sk\/wp-content\/uploads\/2021\/04\/1-3-scaled.jpg 2198w, https:\/\/hedvigagutierrez.sk\/wp-content\/uploads\/2021\/04\/1-3-258x300.jpg 258w, https:\/\/hedvigagutierrez.sk\/wp-content\/uploads\/2021\/04\/1-3-879x1024.jpg 879w, https:\/\/hedvigagutierrez.sk\/wp-content\/uploads\/2021\/04\/1-3-768x895.jpg 768w, https:\/\/hedvigagutierrez.sk\/wp-content\/uploads\/2021\/04\/1-3-1319x1536.jpg 1319w, https:\/\/hedvigagutierrez.sk\/wp-content\/uploads\/2021\/04\/1-3-1758x2048.jpg 1758w\" sizes=\"(max-width: 2198px) 100vw, 2198px\" title=\"Vt\u00e1\u010die dobrodru\u017estv\u00e1\" \/><\/a>\n\t\t\t<\/div><\/figure><figure class='gallery-item'>\n\t\t\t<div class='gallery-icon portrait'>\n\t\t\t\t<a  href='https:\/\/hedvigagutierrez.sk\/wp-content\/uploads\/2021\/04\/holub-scaled.jpg'><img loading=\"lazy\" decoding=\"async\" width=\"2198\" height=\"2560\" src=\"https:\/\/hedvigagutierrez.sk\/wp-content\/uploads\/2021\/04\/holub-scaled.jpg\" class=\"attachment-full size-full\" alt=\"Vt\u00e1\u010die dobrodru\u017estv\u00e1\" srcset=\"https:\/\/hedvigagutierrez.sk\/wp-content\/uploads\/2021\/04\/holub-scaled.jpg 2198w, https:\/\/hedvigagutierrez.sk\/wp-content\/uploads\/2021\/04\/holub-258x300.jpg 258w, https:\/\/hedvigagutierrez.sk\/wp-content\/uploads\/2021\/04\/holub-879x1024.jpg 879w, https:\/\/hedvigagutierrez.sk\/wp-content\/uploads\/2021\/04\/holub-768x895.jpg 768w, https:\/\/hedvigagutierrez.sk\/wp-content\/uploads\/2021\/04\/holub-1319x1536.jpg 1319w, https:\/\/hedvigagutierrez.sk\/wp-content\/uploads\/2021\/04\/holub-1758x2048.jpg 1758w\" sizes=\"(max-width: 2198px) 100vw, 2198px\" title=\"Vt\u00e1\u010die dobrodru\u017estv\u00e1\" \/><\/a>\n\t\t\t<\/div><\/figure>\n\t\t<\/div>\n\t\t<\/div>\n\t\t\t\t\t\t<\/div>\n\t\t\t\t<\/div>\n\t\t\t\t\t<\/div>\n\t\t<\/div>\n\t\t\t\t\t<\/div>\n\t\t<\/section>\n\t\t\t\t<section class=\"elementor-section elementor-top-section elementor-element elementor-element-b4fd67a elementor-section-boxed elementor-section-height-default elementor-section-height-default\" data-id=\"b4fd67a\" data-element_type=\"section\" data-e-type=\"section\">\n\t\t\t\t\t\t<div class=\"elementor-container elementor-column-gap-default\">\n\t\t\t\t\t<div class=\"elementor-column elementor-col-100 elementor-top-column elementor-element elementor-element-c0aab42\" data-id=\"c0aab42\" data-element_type=\"column\" data-e-type=\"column\">\n\t\t\t<div class=\"elementor-widget-wrap elementor-element-populated\">\n\t\t\t\t\t\t<div class=\"elementor-element elementor-element-45a4226 elementor-widget elementor-widget-image\" data-id=\"45a4226\" data-element_type=\"widget\" data-e-type=\"widget\" data-widget_type=\"image.default\">\n\t\t\t\t<div class=\"elementor-widget-container\">\n\t\t\t\t\t\t\t\t\t\t\t\t\t\t\t<img loading=\"lazy\" decoding=\"async\" width=\"2560\" height=\"1486\" src=\"https:\/\/hedvigagutierrez.sk\/wp-content\/uploads\/2021\/04\/10-scaled.jpg\" class=\"attachment-full size-full wp-image-853\" alt=\"Vt\u00e1\u010die dobrodru\u017estv\u00e1\" srcset=\"https:\/\/hedvigagutierrez.sk\/wp-content\/uploads\/2021\/04\/10-scaled.jpg 2560w, https:\/\/hedvigagutierrez.sk\/wp-content\/uploads\/2021\/04\/10-300x174.jpg 300w, https:\/\/hedvigagutierrez.sk\/wp-content\/uploads\/2021\/04\/10-1024x594.jpg 1024w, https:\/\/hedvigagutierrez.sk\/wp-content\/uploads\/2021\/04\/10-768x446.jpg 768w, https:\/\/hedvigagutierrez.sk\/wp-content\/uploads\/2021\/04\/10-1536x891.jpg 1536w, https:\/\/hedvigagutierrez.sk\/wp-content\/uploads\/2021\/04\/10-2048x1189.jpg 2048w\" sizes=\"(max-width: 2560px) 100vw, 2560px\" title=\"Vt\u00e1\u010die dobrodru\u017estv\u00e1\" \/>\t\t\t\t\t\t\t\t\t\t\t\t\t\t\t<\/div>\n\t\t\t\t<\/div>\n\t\t\t\t\t<\/div>\n\t\t<\/div>\n\t\t\t\t\t<\/div>\n\t\t<\/section>\n\t\t\t\t<\/div>\n\t\t","protected":false},"excerpt":{"rendered":"<p>Vt\u00e1\u010die dobrodru\u017estv\u00e1 Text: Ivona \u010euri\u010dov\u00e1 Publisher: Ikar, 2019<\/p>\n","protected":false},"author":1,"featured_media":0,"parent":0,"menu_order":0,"comment_status":"closed","ping_status":"closed","template":"","meta":{"site-sidebar-layout":"no-sidebar","site-content-layout":"page-builder","ast-site-content-layout":"default","site-content-style":"default","site-sidebar-style":"default","ast-global-header-display":"","ast-banner-title-visibility":"","ast-main-header-display":"","ast-hfb-above-header-display":"","ast-hfb-below-header-display":"","ast-hfb-mobile-header-display":"","site-post-title":"disabled","ast-breadcrumbs-content":"","ast-featured-img":"disabled","footer-sml-layout":"","theme-transparent-header-meta":"default","adv-header-id-meta":"","stick-header-meta":"","header-above-stick-meta":"","header-main-stick-meta":"","header-below-stick-meta":"","astra-migrate-meta-layouts":"default","ast-page-background-enabled":"default","ast-page-background-meta":{"desktop":{"background-color":"","background-image":"","background-repeat":"repeat","background-position":"center center","background-size":"auto","background-attachment":"scroll","background-type":"","background-media":"","overlay-type":"","overlay-color":"","overlay-opacity":"","overlay-gradient":""},"tablet":{"background-color":"","background-image":"","background-repeat":"repeat","background-position":"center center","background-size":"auto","background-attachment":"scroll","background-type":"","background-media":"","overlay-type":"","overlay-color":"","overlay-opacity":"","overlay-gradient":""},"mobile":{"background-color":"","background-image":"","background-repeat":"repeat","background-position":"center center","background-size":"auto","background-attachment":"scroll","background-type":"","background-media":"","overlay-type":"","overlay-color":"","overlay-opacity":"","overlay-gradient":""}},"ast-content-background-meta":{"desktop":{"background-color":"var(--ast-global-color-5)","background-image":"","background-repeat":"repeat","background-position":"center center","background-size":"auto","background-attachment":"scroll","background-type":"","background-media":"","overlay-type":"","overlay-color":"","overlay-opacity":"","overlay-gradient":""},"tablet":{"background-color":"var(--ast-global-color-5)","background-image":"","background-repeat":"repeat","background-position":"center center","background-size":"auto","background-attachment":"scroll","background-type":"","background-media":"","overlay-type":"","overlay-color":"","overlay-opacity":"","overlay-gradient":""},"mobile":{"background-color":"var(--ast-global-color-5)","background-image":"","background-repeat":"repeat","background-position":"center center","background-size":"auto","background-attachment":"scroll","background-type":"","background-media":"","overlay-type":"","overlay-color":"","overlay-opacity":"","overlay-gradient":""}},"footnotes":""},"class_list":["post-842","page","type-page","status-publish","hentry"],"aioseo_notices":[],"_links":{"self":[{"href":"https:\/\/hedvigagutierrez.sk\/index.php?rest_route=\/wp\/v2\/pages\/842","targetHints":{"allow":["GET"]}}],"collection":[{"href":"https:\/\/hedvigagutierrez.sk\/index.php?rest_route=\/wp\/v2\/pages"}],"about":[{"href":"https:\/\/hedvigagutierrez.sk\/index.php?rest_route=\/wp\/v2\/types\/page"}],"author":[{"embeddable":true,"href":"https:\/\/hedvigagutierrez.sk\/index.php?rest_route=\/wp\/v2\/users\/1"}],"replies":[{"embeddable":true,"href":"https:\/\/hedvigagutierrez.sk\/index.php?rest_route=%2Fwp%2Fv2%2Fcomments&post=842"}],"version-history":[{"count":6,"href":"https:\/\/hedvigagutierrez.sk\/index.php?rest_route=\/wp\/v2\/pages\/842\/revisions"}],"predecessor-version":[{"id":3206,"href":"https:\/\/hedvigagutierrez.sk\/index.php?rest_route=\/wp\/v2\/pages\/842\/revisions\/3206"}],"wp:attachment":[{"href":"https:\/\/hedvigagutierrez.sk\/index.php?rest_route=%2Fwp%2Fv2%2Fmedia&parent=842"}],"curies":[{"name":"wp","href":"https:\/\/api.w.org\/{rel}","templated":true}]}}