{"id":486,"date":"2021-04-22T21:42:41","date_gmt":"2021-04-22T19:42:41","guid":{"rendered":"https:\/\/hedvigagutierrez.sk\/?page_id=486"},"modified":"2024-05-13T18:03:09","modified_gmt":"2024-05-13T16:03:09","slug":"zahada-kniznice-2","status":"publish","type":"page","link":"https:\/\/hedvigagutierrez.sk\/?page_id=486","title":{"rendered":"\u0147u\u0148o"},"content":{"rendered":"\t\t<div data-elementor-type=\"wp-page\" data-elementor-id=\"486\" class=\"elementor elementor-486\">\n\t\t\t\t\t\t<section class=\"elementor-section elementor-top-section elementor-element elementor-element-b37e3b0 elementor-section-boxed elementor-section-height-default elementor-section-height-default\" data-id=\"b37e3b0\" data-element_type=\"section\" data-e-type=\"section\">\n\t\t\t\t\t\t<div class=\"elementor-container elementor-column-gap-default\">\n\t\t\t\t\t<div class=\"elementor-column elementor-col-100 elementor-top-column elementor-element elementor-element-45cb041\" data-id=\"45cb041\" data-element_type=\"column\" data-e-type=\"column\">\n\t\t\t<div class=\"elementor-widget-wrap elementor-element-populated\">\n\t\t\t\t\t\t<div class=\"elementor-element elementor-element-131193c elementor-widget elementor-widget-heading\" data-id=\"131193c\" data-element_type=\"widget\" data-e-type=\"widget\" data-widget_type=\"heading.default\">\n\t\t\t\t<div class=\"elementor-widget-container\">\n\t\t\t\t\t<h2 class=\"elementor-heading-title elementor-size-default\">\u0147U\u0147O<\/h2>\t\t\t\t<\/div>\n\t\t\t\t<\/div>\n\t\t\t\t\t<\/div>\n\t\t<\/div>\n\t\t\t\t\t<\/div>\n\t\t<\/section>\n\t\t\t\t<section class=\"elementor-section elementor-top-section elementor-element elementor-element-daf56d7 elementor-section-boxed elementor-section-height-default elementor-section-height-default\" data-id=\"daf56d7\" data-element_type=\"section\" data-e-type=\"section\">\n\t\t\t\t\t\t<div class=\"elementor-container elementor-column-gap-default\">\n\t\t\t\t\t<div class=\"elementor-column elementor-col-100 elementor-top-column elementor-element elementor-element-4b53fab\" data-id=\"4b53fab\" data-element_type=\"column\" data-e-type=\"column\">\n\t\t\t<div class=\"elementor-widget-wrap elementor-element-populated\">\n\t\t\t\t\t\t<div class=\"elementor-element elementor-element-cc15dab elementor-widget__width-initial elementor-widget elementor-widget-text-editor\" data-id=\"cc15dab\" data-element_type=\"widget\" data-e-type=\"widget\" data-widget_type=\"text-editor.default\">\n\t\t\t\t<div class=\"elementor-widget-container\">\n\t\t\t\t\t\t\t\t\t<p><span style=\"color: #000000;\"><strong>Text:<\/strong>Denisa Fulmekov\u00e1<\/span><\/p><p><span style=\"color: #000000;\"><strong>Publisher:<\/strong> Slovart, 2016<\/span><\/p>\t\t\t\t\t\t\t\t<\/div>\n\t\t\t\t<\/div>\n\t\t\t\t\t<\/div>\n\t\t<\/div>\n\t\t\t\t\t<\/div>\n\t\t<\/section>\n\t\t\t\t<section class=\"elementor-section elementor-top-section elementor-element elementor-element-7714aa4 elementor-section-boxed elementor-section-height-default elementor-section-height-default elementor-invisible\" data-id=\"7714aa4\" data-element_type=\"section\" data-e-type=\"section\" data-settings=\"{&quot;animation&quot;:&quot;fadeIn&quot;}\">\n\t\t\t\t\t\t<div class=\"elementor-container elementor-column-gap-default\">\n\t\t\t\t\t<div class=\"elementor-column elementor-col-100 elementor-top-column elementor-element elementor-element-49731d6\" data-id=\"49731d6\" data-element_type=\"column\" data-e-type=\"column\">\n\t\t\t<div class=\"elementor-widget-wrap elementor-element-populated\">\n\t\t\t\t\t\t<div class=\"elementor-element elementor-element-dfa101c gallery-spacing-custom elementor-widget elementor-widget-image-gallery\" data-id=\"dfa101c\" data-element_type=\"widget\" data-e-type=\"widget\" data-widget_type=\"image-gallery.default\">\n\t\t\t\t<div class=\"elementor-widget-container\">\n\t\t\t\t\t\t\t<div class=\"elementor-image-gallery\">\n\t\t\t<div id='gallery-17' class='gallery galleryid-486 gallery-columns-2 gallery-size-full'><figure class='gallery-item'>\n\t\t\t<div class='gallery-icon portrait'>\n\t\t\t\t<a  href='https:\/\/hedvigagutierrez.sk\/wp-content\/uploads\/2021\/04\/5-1-scaled.jpg'><img fetchpriority=\"high\" decoding=\"async\" width=\"1836\" height=\"2560\" src=\"https:\/\/hedvigagutierrez.sk\/wp-content\/uploads\/2021\/04\/5-1-scaled.jpg\" class=\"attachment-full size-full\" alt=\"\u0147u\u0148o\" srcset=\"https:\/\/hedvigagutierrez.sk\/wp-content\/uploads\/2021\/04\/5-1-scaled.jpg 1836w, https:\/\/hedvigagutierrez.sk\/wp-content\/uploads\/2021\/04\/5-1-215x300.jpg 215w, https:\/\/hedvigagutierrez.sk\/wp-content\/uploads\/2021\/04\/5-1-735x1024.jpg 735w, https:\/\/hedvigagutierrez.sk\/wp-content\/uploads\/2021\/04\/5-1-768x1071.jpg 768w, https:\/\/hedvigagutierrez.sk\/wp-content\/uploads\/2021\/04\/5-1-1102x1536.jpg 1102w, https:\/\/hedvigagutierrez.sk\/wp-content\/uploads\/2021\/04\/5-1-1469x2048.jpg 1469w\" sizes=\"(max-width: 1836px) 100vw, 1836px\" title=\"\u0147u\u0148o\" \/><\/a>\n\t\t\t<\/div><\/figure><figure class='gallery-item'>\n\t\t\t<div class='gallery-icon portrait'>\n\t\t\t\t<a  href='https:\/\/hedvigagutierrez.sk\/wp-content\/uploads\/2021\/04\/8-scaled.jpg'><img decoding=\"async\" width=\"1836\" height=\"2560\" src=\"https:\/\/hedvigagutierrez.sk\/wp-content\/uploads\/2021\/04\/8-scaled.jpg\" class=\"attachment-full size-full\" alt=\"\u0147u\u0148o\" srcset=\"https:\/\/hedvigagutierrez.sk\/wp-content\/uploads\/2021\/04\/8-scaled.jpg 1836w, https:\/\/hedvigagutierrez.sk\/wp-content\/uploads\/2021\/04\/8-215x300.jpg 215w, https:\/\/hedvigagutierrez.sk\/wp-content\/uploads\/2021\/04\/8-735x1024.jpg 735w, https:\/\/hedvigagutierrez.sk\/wp-content\/uploads\/2021\/04\/8-768x1071.jpg 768w, https:\/\/hedvigagutierrez.sk\/wp-content\/uploads\/2021\/04\/8-1102x1536.jpg 1102w, https:\/\/hedvigagutierrez.sk\/wp-content\/uploads\/2021\/04\/8-1469x2048.jpg 1469w\" sizes=\"(max-width: 1836px) 100vw, 1836px\" title=\"\u0147u\u0148o\" \/><\/a>\n\t\t\t<\/div><\/figure><figure class='gallery-item'>\n\t\t\t<div class='gallery-icon portrait'>\n\t\t\t\t<a  href='https:\/\/hedvigagutierrez.sk\/wp-content\/uploads\/2021\/04\/9-scaled.jpg'><img decoding=\"async\" width=\"1836\" height=\"2560\" src=\"https:\/\/hedvigagutierrez.sk\/wp-content\/uploads\/2021\/04\/9-scaled.jpg\" class=\"attachment-full size-full\" alt=\"\u0147u\u0148o\" srcset=\"https:\/\/hedvigagutierrez.sk\/wp-content\/uploads\/2021\/04\/9-scaled.jpg 1836w, https:\/\/hedvigagutierrez.sk\/wp-content\/uploads\/2021\/04\/9-215x300.jpg 215w, https:\/\/hedvigagutierrez.sk\/wp-content\/uploads\/2021\/04\/9-735x1024.jpg 735w, https:\/\/hedvigagutierrez.sk\/wp-content\/uploads\/2021\/04\/9-768x1071.jpg 768w, https:\/\/hedvigagutierrez.sk\/wp-content\/uploads\/2021\/04\/9-1102x1536.jpg 1102w, https:\/\/hedvigagutierrez.sk\/wp-content\/uploads\/2021\/04\/9-1469x2048.jpg 1469w\" sizes=\"(max-width: 1836px) 100vw, 1836px\" title=\"\u0147u\u0148o\" \/><\/a>\n\t\t\t<\/div><\/figure><figure class='gallery-item'>\n\t\t\t<div class='gallery-icon portrait'>\n\t\t\t\t<a  href='https:\/\/hedvigagutierrez.sk\/wp-content\/uploads\/2021\/04\/12-scaled.jpg'><img loading=\"lazy\" decoding=\"async\" width=\"1836\" height=\"2560\" src=\"https:\/\/hedvigagutierrez.sk\/wp-content\/uploads\/2021\/04\/12-scaled.jpg\" class=\"attachment-full size-full\" alt=\"\u0147u\u0148o\" srcset=\"https:\/\/hedvigagutierrez.sk\/wp-content\/uploads\/2021\/04\/12-scaled.jpg 1836w, https:\/\/hedvigagutierrez.sk\/wp-content\/uploads\/2021\/04\/12-215x300.jpg 215w, https:\/\/hedvigagutierrez.sk\/wp-content\/uploads\/2021\/04\/12-735x1024.jpg 735w, https:\/\/hedvigagutierrez.sk\/wp-content\/uploads\/2021\/04\/12-768x1071.jpg 768w, https:\/\/hedvigagutierrez.sk\/wp-content\/uploads\/2021\/04\/12-1102x1536.jpg 1102w, https:\/\/hedvigagutierrez.sk\/wp-content\/uploads\/2021\/04\/12-1469x2048.jpg 1469w\" sizes=\"(max-width: 1836px) 100vw, 1836px\" title=\"\u0147u\u0148o\" \/><\/a>\n\t\t\t<\/div><\/figure><figure class='gallery-item'>\n\t\t\t<div class='gallery-icon portrait'>\n\t\t\t\t<a  href='https:\/\/hedvigagutierrez.sk\/wp-content\/uploads\/2021\/04\/6-1-scaled.jpg'><img loading=\"lazy\" decoding=\"async\" width=\"1836\" height=\"2560\" src=\"https:\/\/hedvigagutierrez.sk\/wp-content\/uploads\/2021\/04\/6-1-scaled.jpg\" class=\"attachment-full size-full\" alt=\"\u0147u\u0148o\" srcset=\"https:\/\/hedvigagutierrez.sk\/wp-content\/uploads\/2021\/04\/6-1-scaled.jpg 1836w, https:\/\/hedvigagutierrez.sk\/wp-content\/uploads\/2021\/04\/6-1-215x300.jpg 215w, https:\/\/hedvigagutierrez.sk\/wp-content\/uploads\/2021\/04\/6-1-735x1024.jpg 735w, https:\/\/hedvigagutierrez.sk\/wp-content\/uploads\/2021\/04\/6-1-768x1071.jpg 768w, https:\/\/hedvigagutierrez.sk\/wp-content\/uploads\/2021\/04\/6-1-1102x1536.jpg 1102w, https:\/\/hedvigagutierrez.sk\/wp-content\/uploads\/2021\/04\/6-1-1469x2048.jpg 1469w\" sizes=\"(max-width: 1836px) 100vw, 1836px\" title=\"\u0147u\u0148o\" \/><\/a>\n\t\t\t<\/div><\/figure><figure class='gallery-item'>\n\t\t\t<div class='gallery-icon portrait'>\n\t\t\t\t<a  href='https:\/\/hedvigagutierrez.sk\/wp-content\/uploads\/2021\/04\/7-1-scaled.jpg'><img loading=\"lazy\" decoding=\"async\" width=\"1836\" height=\"2560\" src=\"https:\/\/hedvigagutierrez.sk\/wp-content\/uploads\/2021\/04\/7-1-scaled.jpg\" class=\"attachment-full size-full\" alt=\"\u0147u\u0148o\" srcset=\"https:\/\/hedvigagutierrez.sk\/wp-content\/uploads\/2021\/04\/7-1-scaled.jpg 1836w, https:\/\/hedvigagutierrez.sk\/wp-content\/uploads\/2021\/04\/7-1-215x300.jpg 215w, https:\/\/hedvigagutierrez.sk\/wp-content\/uploads\/2021\/04\/7-1-735x1024.jpg 735w, https:\/\/hedvigagutierrez.sk\/wp-content\/uploads\/2021\/04\/7-1-768x1071.jpg 768w, https:\/\/hedvigagutierrez.sk\/wp-content\/uploads\/2021\/04\/7-1-1102x1536.jpg 1102w, https:\/\/hedvigagutierrez.sk\/wp-content\/uploads\/2021\/04\/7-1-1469x2048.jpg 1469w\" sizes=\"(max-width: 1836px) 100vw, 1836px\" title=\"\u0147u\u0148o\" \/><\/a>\n\t\t\t<\/div><\/figure>\n\t\t<\/div>\n\t\t<\/div>\n\t\t\t\t\t\t<\/div>\n\t\t\t\t<\/div>\n\t\t\t\t\t<\/div>\n\t\t<\/div>\n\t\t\t\t\t<\/div>\n\t\t<\/section>\n\t\t\t\t<section class=\"elementor-section elementor-top-section elementor-element elementor-element-4f8d6be elementor-section-boxed elementor-section-height-default elementor-section-height-default\" data-id=\"4f8d6be\" data-element_type=\"section\" data-e-type=\"section\">\n\t\t\t\t\t\t<div class=\"elementor-container elementor-column-gap-default\">\n\t\t\t\t\t<div class=\"elementor-column elementor-col-100 elementor-top-column elementor-element elementor-element-e02fdbc\" data-id=\"e02fdbc\" data-element_type=\"column\" data-e-type=\"column\">\n\t\t\t<div class=\"elementor-widget-wrap elementor-element-populated\">\n\t\t\t\t\t\t<div class=\"elementor-element elementor-element-1775df7 elementor-invisible elementor-widget elementor-widget-image\" data-id=\"1775df7\" data-element_type=\"widget\" data-e-type=\"widget\" data-settings=\"{&quot;_animation&quot;:&quot;fadeIn&quot;}\" data-widget_type=\"image.default\">\n\t\t\t\t<div class=\"elementor-widget-container\">\n\t\t\t\t\t\t\t\t\t\t\t\t\t\t\t<img loading=\"lazy\" decoding=\"async\" width=\"2560\" height=\"1836\" src=\"https:\/\/hedvigagutierrez.sk\/wp-content\/uploads\/2021\/04\/0-scaled.jpg\" class=\"attachment-full size-full wp-image-488\" alt=\"\u0147u\u0148o\" srcset=\"https:\/\/hedvigagutierrez.sk\/wp-content\/uploads\/2021\/04\/0-scaled.jpg 2560w, https:\/\/hedvigagutierrez.sk\/wp-content\/uploads\/2021\/04\/0-300x215.jpg 300w, https:\/\/hedvigagutierrez.sk\/wp-content\/uploads\/2021\/04\/0-1024x735.jpg 1024w, https:\/\/hedvigagutierrez.sk\/wp-content\/uploads\/2021\/04\/0-768x551.jpg 768w, https:\/\/hedvigagutierrez.sk\/wp-content\/uploads\/2021\/04\/0-1536x1102.jpg 1536w, https:\/\/hedvigagutierrez.sk\/wp-content\/uploads\/2021\/04\/0-2048x1469.jpg 2048w\" sizes=\"(max-width: 2560px) 100vw, 2560px\" title=\"\u0147u\u0148o\" \/>\t\t\t\t\t\t\t\t\t\t\t\t\t\t\t<\/div>\n\t\t\t\t<\/div>\n\t\t\t\t\t<\/div>\n\t\t<\/div>\n\t\t\t\t\t<\/div>\n\t\t<\/section>\n\t\t\t\t<\/div>\n\t\t","protected":false},"excerpt":{"rendered":"<p>\u0147U\u0147O Text:Denisa Fulmekov\u00e1 Publisher: Slovart, 2016<\/p>\n","protected":false},"author":1,"featured_media":0,"parent":0,"menu_order":0,"comment_status":"closed","ping_status":"closed","template":"","meta":{"site-sidebar-layout":"no-sidebar","site-content-layout":"page-builder","ast-site-content-layout":"default","site-content-style":"default","site-sidebar-style":"default","ast-global-header-display":"","ast-banner-title-visibility":"","ast-main-header-display":"","ast-hfb-above-header-display":"","ast-hfb-below-header-display":"","ast-hfb-mobile-header-display":"","site-post-title":"disabled","ast-breadcrumbs-content":"","ast-featured-img":"disabled","footer-sml-layout":"","theme-transparent-header-meta":"default","adv-header-id-meta":"","stick-header-meta":"","header-above-stick-meta":"","header-main-stick-meta":"","header-below-stick-meta":"","astra-migrate-meta-layouts":"default","ast-page-background-enabled":"default","ast-page-background-meta":{"desktop":{"background-color":"","background-image":"","background-repeat":"repeat","background-position":"center center","background-size":"auto","background-attachment":"scroll","background-type":"","background-media":"","overlay-type":"","overlay-color":"","overlay-opacity":"","overlay-gradient":""},"tablet":{"background-color":"","background-image":"","background-repeat":"repeat","background-position":"center center","background-size":"auto","background-attachment":"scroll","background-type":"","background-media":"","overlay-type":"","overlay-color":"","overlay-opacity":"","overlay-gradient":""},"mobile":{"background-color":"","background-image":"","background-repeat":"repeat","background-position":"center center","background-size":"auto","background-attachment":"scroll","background-type":"","background-media":"","overlay-type":"","overlay-color":"","overlay-opacity":"","overlay-gradient":""}},"ast-content-background-meta":{"desktop":{"background-color":"var(--ast-global-color-5)","background-image":"","background-repeat":"repeat","background-position":"center center","background-size":"auto","background-attachment":"scroll","background-type":"","background-media":"","overlay-type":"","overlay-color":"","overlay-opacity":"","overlay-gradient":""},"tablet":{"background-color":"var(--ast-global-color-5)","background-image":"","background-repeat":"repeat","background-position":"center center","background-size":"auto","background-attachment":"scroll","background-type":"","background-media":"","overlay-type":"","overlay-color":"","overlay-opacity":"","overlay-gradient":""},"mobile":{"background-color":"var(--ast-global-color-5)","background-image":"","background-repeat":"repeat","background-position":"center center","background-size":"auto","background-attachment":"scroll","background-type":"","background-media":"","overlay-type":"","overlay-color":"","overlay-opacity":"","overlay-gradient":""}},"footnotes":""},"class_list":["post-486","page","type-page","status-publish","hentry"],"aioseo_notices":[],"_links":{"self":[{"href":"https:\/\/hedvigagutierrez.sk\/index.php?rest_route=\/wp\/v2\/pages\/486","targetHints":{"allow":["GET"]}}],"collection":[{"href":"https:\/\/hedvigagutierrez.sk\/index.php?rest_route=\/wp\/v2\/pages"}],"about":[{"href":"https:\/\/hedvigagutierrez.sk\/index.php?rest_route=\/wp\/v2\/types\/page"}],"author":[{"embeddable":true,"href":"https:\/\/hedvigagutierrez.sk\/index.php?rest_route=\/wp\/v2\/users\/1"}],"replies":[{"embeddable":true,"href":"https:\/\/hedvigagutierrez.sk\/index.php?rest_route=%2Fwp%2Fv2%2Fcomments&post=486"}],"version-history":[{"count":6,"href":"https:\/\/hedvigagutierrez.sk\/index.php?rest_route=\/wp\/v2\/pages\/486\/revisions"}],"predecessor-version":[{"id":3197,"href":"https:\/\/hedvigagutierrez.sk\/index.php?rest_route=\/wp\/v2\/pages\/486\/revisions\/3197"}],"wp:attachment":[{"href":"https:\/\/hedvigagutierrez.sk\/index.php?rest_route=%2Fwp%2Fv2%2Fmedia&parent=486"}],"curies":[{"name":"wp","href":"https:\/\/api.w.org\/{rel}","templated":true}]}}