{"id":378,"date":"2021-04-21T17:10:23","date_gmt":"2021-04-21T15:10:23","guid":{"rendered":"https:\/\/hedvigagutierrez.sk\/?page_id=378"},"modified":"2024-05-13T17:15:45","modified_gmt":"2024-05-13T15:15:45","slug":"zahada-kniznice","status":"publish","type":"page","link":"https:\/\/hedvigagutierrez.sk\/?page_id=378","title":{"rendered":"Z\u00e1hada kni\u017enice na konci ulice"},"content":{"rendered":"\t\t<div data-elementor-type=\"wp-page\" data-elementor-id=\"378\" class=\"elementor elementor-378\">\n\t\t\t\t\t\t<section class=\"elementor-section elementor-top-section elementor-element elementor-element-d8794e0 elementor-section-boxed elementor-section-height-default elementor-section-height-default\" data-id=\"d8794e0\" data-element_type=\"section\" data-e-type=\"section\">\n\t\t\t\t\t\t<div class=\"elementor-container elementor-column-gap-default\">\n\t\t\t\t\t<div class=\"elementor-column elementor-col-100 elementor-top-column elementor-element elementor-element-c3f3ffd\" data-id=\"c3f3ffd\" data-element_type=\"column\" data-e-type=\"column\">\n\t\t\t<div class=\"elementor-widget-wrap elementor-element-populated\">\n\t\t\t\t\t\t<div class=\"elementor-element elementor-element-c064dfb elementor-widget elementor-widget-heading\" data-id=\"c064dfb\" data-element_type=\"widget\" data-e-type=\"widget\" data-widget_type=\"heading.default\">\n\t\t\t\t<div class=\"elementor-widget-container\">\n\t\t\t\t\t<h2 class=\"elementor-heading-title elementor-size-default\">Z\u00e1hada kni\u017enice na konci ulice<\/h2>\t\t\t\t<\/div>\n\t\t\t\t<\/div>\n\t\t\t\t\t<\/div>\n\t\t<\/div>\n\t\t\t\t\t<\/div>\n\t\t<\/section>\n\t\t\t\t<section class=\"elementor-section elementor-top-section elementor-element elementor-element-4e2169e elementor-section-boxed elementor-section-height-default elementor-section-height-default\" data-id=\"4e2169e\" data-element_type=\"section\" data-e-type=\"section\">\n\t\t\t\t\t\t<div class=\"elementor-container elementor-column-gap-default\">\n\t\t\t\t\t<div class=\"elementor-column elementor-col-100 elementor-top-column elementor-element elementor-element-0c2a3e7\" data-id=\"0c2a3e7\" data-element_type=\"column\" data-e-type=\"column\">\n\t\t\t<div class=\"elementor-widget-wrap elementor-element-populated\">\n\t\t\t\t\t\t<div class=\"elementor-element elementor-element-5884303 elementor-widget__width-initial elementor-widget elementor-widget-text-editor\" data-id=\"5884303\" data-element_type=\"widget\" data-e-type=\"widget\" data-widget_type=\"text-editor.default\">\n\t\t\t\t<div class=\"elementor-widget-container\">\n\t\t\t\t\t\t\t\t\t<p><span style=\"color: #000000;\"><strong>Text:<\/strong> Krist\u00edna Bachulov\u00e1<\/span><\/p><p><span style=\"color: #000000;\"><strong>Publisher:<\/strong> Pluto\u0161op, 2021<\/span><\/p>\t\t\t\t\t\t\t\t<\/div>\n\t\t\t\t<\/div>\n\t\t\t\t\t<\/div>\n\t\t<\/div>\n\t\t\t\t\t<\/div>\n\t\t<\/section>\n\t\t\t\t<section class=\"elementor-section elementor-top-section elementor-element elementor-element-7714aa4 elementor-section-boxed elementor-section-height-default elementor-section-height-default elementor-invisible\" data-id=\"7714aa4\" data-element_type=\"section\" data-e-type=\"section\" data-settings=\"{&quot;animation&quot;:&quot;fadeIn&quot;}\">\n\t\t\t\t\t\t<div class=\"elementor-container elementor-column-gap-default\">\n\t\t\t\t\t<div class=\"elementor-column elementor-col-100 elementor-top-column elementor-element elementor-element-49731d6\" data-id=\"49731d6\" data-element_type=\"column\" data-e-type=\"column\">\n\t\t\t<div class=\"elementor-widget-wrap elementor-element-populated\">\n\t\t\t\t\t\t<div class=\"elementor-element elementor-element-dfa101c elementor-widget elementor-widget-image-gallery\" data-id=\"dfa101c\" data-element_type=\"widget\" data-e-type=\"widget\" data-widget_type=\"image-gallery.default\">\n\t\t\t\t<div class=\"elementor-widget-container\">\n\t\t\t\t\t\t\t<div class=\"elementor-image-gallery\">\n\t\t\t<div id='gallery-22' class='gallery galleryid-378 gallery-columns-2 gallery-size-full'><figure class='gallery-item'>\n\t\t\t<div class='gallery-icon portrait'>\n\t\t\t\t<a  href='https:\/\/hedvigagutierrez.sk\/wp-content\/uploads\/2021\/04\/15-scaled.jpg'><img fetchpriority=\"high\" decoding=\"async\" width=\"1810\" height=\"2560\" src=\"https:\/\/hedvigagutierrez.sk\/wp-content\/uploads\/2021\/04\/15-scaled.jpg\" class=\"attachment-full size-full\" alt=\"Z\u00e1hada kni\u017enice na konci ulice\" srcset=\"https:\/\/hedvigagutierrez.sk\/wp-content\/uploads\/2021\/04\/15-scaled.jpg 1810w, https:\/\/hedvigagutierrez.sk\/wp-content\/uploads\/2021\/04\/15-212x300.jpg 212w, https:\/\/hedvigagutierrez.sk\/wp-content\/uploads\/2021\/04\/15-724x1024.jpg 724w, https:\/\/hedvigagutierrez.sk\/wp-content\/uploads\/2021\/04\/15-768x1086.jpg 768w, https:\/\/hedvigagutierrez.sk\/wp-content\/uploads\/2021\/04\/15-1086x1536.jpg 1086w, https:\/\/hedvigagutierrez.sk\/wp-content\/uploads\/2021\/04\/15-1448x2048.jpg 1448w\" sizes=\"(max-width: 1810px) 100vw, 1810px\" title=\"Z\u00e1hada kni\u017enice na konci ulice\" \/><\/a>\n\t\t\t<\/div><\/figure><figure class='gallery-item'>\n\t\t\t<div class='gallery-icon portrait'>\n\t\t\t\t<a  href='https:\/\/hedvigagutierrez.sk\/wp-content\/uploads\/2021\/04\/16-scaled.jpg'><img decoding=\"async\" width=\"1810\" height=\"2560\" src=\"https:\/\/hedvigagutierrez.sk\/wp-content\/uploads\/2021\/04\/16-scaled.jpg\" class=\"attachment-full size-full\" alt=\"Z\u00e1hada kni\u017enice na konci ulice\" srcset=\"https:\/\/hedvigagutierrez.sk\/wp-content\/uploads\/2021\/04\/16-scaled.jpg 1810w, https:\/\/hedvigagutierrez.sk\/wp-content\/uploads\/2021\/04\/16-212x300.jpg 212w, https:\/\/hedvigagutierrez.sk\/wp-content\/uploads\/2021\/04\/16-724x1024.jpg 724w, https:\/\/hedvigagutierrez.sk\/wp-content\/uploads\/2021\/04\/16-768x1086.jpg 768w, https:\/\/hedvigagutierrez.sk\/wp-content\/uploads\/2021\/04\/16-1086x1536.jpg 1086w, https:\/\/hedvigagutierrez.sk\/wp-content\/uploads\/2021\/04\/16-1448x2048.jpg 1448w\" sizes=\"(max-width: 1810px) 100vw, 1810px\" title=\"Z\u00e1hada kni\u017enice na konci ulice\" \/><\/a>\n\t\t\t<\/div><\/figure><figure class='gallery-item'>\n\t\t\t<div class='gallery-icon portrait'>\n\t\t\t\t<a  href='https:\/\/hedvigagutierrez.sk\/wp-content\/uploads\/2021\/04\/22-scaled.jpg'><img decoding=\"async\" width=\"1810\" height=\"2560\" src=\"https:\/\/hedvigagutierrez.sk\/wp-content\/uploads\/2021\/04\/22-scaled.jpg\" class=\"attachment-full size-full\" alt=\"Z\u00e1hada kni\u017enice na konci ulice\" srcset=\"https:\/\/hedvigagutierrez.sk\/wp-content\/uploads\/2021\/04\/22-scaled.jpg 1810w, https:\/\/hedvigagutierrez.sk\/wp-content\/uploads\/2021\/04\/22-212x300.jpg 212w, https:\/\/hedvigagutierrez.sk\/wp-content\/uploads\/2021\/04\/22-724x1024.jpg 724w, https:\/\/hedvigagutierrez.sk\/wp-content\/uploads\/2021\/04\/22-768x1086.jpg 768w, https:\/\/hedvigagutierrez.sk\/wp-content\/uploads\/2021\/04\/22-1086x1536.jpg 1086w, https:\/\/hedvigagutierrez.sk\/wp-content\/uploads\/2021\/04\/22-1448x2048.jpg 1448w\" sizes=\"(max-width: 1810px) 100vw, 1810px\" title=\"Z\u00e1hada kni\u017enice na konci ulice\" \/><\/a>\n\t\t\t<\/div><\/figure><figure class='gallery-item'>\n\t\t\t<div class='gallery-icon portrait'>\n\t\t\t\t<a  href='https:\/\/hedvigagutierrez.sk\/wp-content\/uploads\/2021\/04\/23-scaled.jpg'><img loading=\"lazy\" decoding=\"async\" width=\"1810\" height=\"2560\" src=\"https:\/\/hedvigagutierrez.sk\/wp-content\/uploads\/2021\/04\/23-scaled.jpg\" class=\"attachment-full size-full\" alt=\"Z\u00e1hada kni\u017enice na konci ulice\" srcset=\"https:\/\/hedvigagutierrez.sk\/wp-content\/uploads\/2021\/04\/23-scaled.jpg 1810w, https:\/\/hedvigagutierrez.sk\/wp-content\/uploads\/2021\/04\/23-212x300.jpg 212w, https:\/\/hedvigagutierrez.sk\/wp-content\/uploads\/2021\/04\/23-724x1024.jpg 724w, https:\/\/hedvigagutierrez.sk\/wp-content\/uploads\/2021\/04\/23-768x1086.jpg 768w, https:\/\/hedvigagutierrez.sk\/wp-content\/uploads\/2021\/04\/23-1086x1536.jpg 1086w, https:\/\/hedvigagutierrez.sk\/wp-content\/uploads\/2021\/04\/23-1448x2048.jpg 1448w\" sizes=\"(max-width: 1810px) 100vw, 1810px\" title=\"Z\u00e1hada kni\u017enice na konci ulice\" \/><\/a>\n\t\t\t<\/div><\/figure><figure class='gallery-item'>\n\t\t\t<div class='gallery-icon portrait'>\n\t\t\t\t<a  href='https:\/\/hedvigagutierrez.sk\/wp-content\/uploads\/2021\/04\/19-scaled.jpg'><img loading=\"lazy\" decoding=\"async\" width=\"1810\" height=\"2560\" src=\"https:\/\/hedvigagutierrez.sk\/wp-content\/uploads\/2021\/04\/19-scaled.jpg\" class=\"attachment-full size-full\" alt=\"Z\u00e1hada kni\u017enice na konci ulice\" srcset=\"https:\/\/hedvigagutierrez.sk\/wp-content\/uploads\/2021\/04\/19-scaled.jpg 1810w, https:\/\/hedvigagutierrez.sk\/wp-content\/uploads\/2021\/04\/19-212x300.jpg 212w, https:\/\/hedvigagutierrez.sk\/wp-content\/uploads\/2021\/04\/19-724x1024.jpg 724w, https:\/\/hedvigagutierrez.sk\/wp-content\/uploads\/2021\/04\/19-768x1086.jpg 768w, https:\/\/hedvigagutierrez.sk\/wp-content\/uploads\/2021\/04\/19-1086x1536.jpg 1086w, https:\/\/hedvigagutierrez.sk\/wp-content\/uploads\/2021\/04\/19-1448x2048.jpg 1448w\" sizes=\"(max-width: 1810px) 100vw, 1810px\" title=\"Z\u00e1hada kni\u017enice na konci ulice\" \/><\/a>\n\t\t\t<\/div><\/figure><figure class='gallery-item'>\n\t\t\t<div class='gallery-icon portrait'>\n\t\t\t\t<a  href='https:\/\/hedvigagutierrez.sk\/wp-content\/uploads\/2021\/04\/21-scaled.jpg'><img loading=\"lazy\" decoding=\"async\" width=\"1810\" height=\"2560\" src=\"https:\/\/hedvigagutierrez.sk\/wp-content\/uploads\/2021\/04\/21-scaled.jpg\" class=\"attachment-full size-full\" alt=\"Z\u00e1hada kni\u017enice na konci ulice\" srcset=\"https:\/\/hedvigagutierrez.sk\/wp-content\/uploads\/2021\/04\/21-scaled.jpg 1810w, https:\/\/hedvigagutierrez.sk\/wp-content\/uploads\/2021\/04\/21-212x300.jpg 212w, https:\/\/hedvigagutierrez.sk\/wp-content\/uploads\/2021\/04\/21-724x1024.jpg 724w, https:\/\/hedvigagutierrez.sk\/wp-content\/uploads\/2021\/04\/21-768x1086.jpg 768w, https:\/\/hedvigagutierrez.sk\/wp-content\/uploads\/2021\/04\/21-1086x1536.jpg 1086w, https:\/\/hedvigagutierrez.sk\/wp-content\/uploads\/2021\/04\/21-1448x2048.jpg 1448w\" sizes=\"(max-width: 1810px) 100vw, 1810px\" title=\"Z\u00e1hada kni\u017enice na konci ulice\" \/><\/a>\n\t\t\t<\/div><\/figure>\n\t\t<\/div>\n\t\t<\/div>\n\t\t\t\t\t\t<\/div>\n\t\t\t\t<\/div>\n\t\t\t\t\t<\/div>\n\t\t<\/div>\n\t\t\t\t\t<\/div>\n\t\t<\/section>\n\t\t\t\t<\/div>\n\t\t","protected":false},"excerpt":{"rendered":"<p>Z\u00e1hada kni\u017enice na konci ulice Text: Krist\u00edna Bachulov\u00e1 Publisher: Pluto\u0161op, 2021<\/p>\n","protected":false},"author":1,"featured_media":0,"parent":0,"menu_order":0,"comment_status":"closed","ping_status":"closed","template":"","meta":{"site-sidebar-layout":"no-sidebar","site-content-layout":"page-builder","ast-site-content-layout":"default","site-content-style":"default","site-sidebar-style":"default","ast-global-header-display":"","ast-banner-title-visibility":"","ast-main-header-display":"","ast-hfb-above-header-display":"","ast-hfb-below-header-display":"","ast-hfb-mobile-header-display":"","site-post-title":"disabled","ast-breadcrumbs-content":"","ast-featured-img":"disabled","footer-sml-layout":"","theme-transparent-header-meta":"default","adv-header-id-meta":"","stick-header-meta":"","header-above-stick-meta":"","header-main-stick-meta":"","header-below-stick-meta":"","astra-migrate-meta-layouts":"default","ast-page-background-enabled":"default","ast-page-background-meta":{"desktop":{"background-color":"","background-image":"","background-repeat":"repeat","background-position":"center center","background-size":"auto","background-attachment":"scroll","background-type":"","background-media":"","overlay-type":"","overlay-color":"","overlay-opacity":"","overlay-gradient":""},"tablet":{"background-color":"","background-image":"","background-repeat":"repeat","background-position":"center center","background-size":"auto","background-attachment":"scroll","background-type":"","background-media":"","overlay-type":"","overlay-color":"","overlay-opacity":"","overlay-gradient":""},"mobile":{"background-color":"","background-image":"","background-repeat":"repeat","background-position":"center center","background-size":"auto","background-attachment":"scroll","background-type":"","background-media":"","overlay-type":"","overlay-color":"","overlay-opacity":"","overlay-gradient":""}},"ast-content-background-meta":{"desktop":{"background-color":"var(--ast-global-color-5)","background-image":"","background-repeat":"repeat","background-position":"center center","background-size":"auto","background-attachment":"scroll","background-type":"","background-media":"","overlay-type":"","overlay-color":"","overlay-opacity":"","overlay-gradient":""},"tablet":{"background-color":"var(--ast-global-color-5)","background-image":"","background-repeat":"repeat","background-position":"center center","background-size":"auto","background-attachment":"scroll","background-type":"","background-media":"","overlay-type":"","overlay-color":"","overlay-opacity":"","overlay-gradient":""},"mobile":{"background-color":"var(--ast-global-color-5)","background-image":"","background-repeat":"repeat","background-position":"center center","background-size":"auto","background-attachment":"scroll","background-type":"","background-media":"","overlay-type":"","overlay-color":"","overlay-opacity":"","overlay-gradient":""}},"footnotes":""},"class_list":["post-378","page","type-page","status-publish","hentry"],"aioseo_notices":[],"_links":{"self":[{"href":"https:\/\/hedvigagutierrez.sk\/index.php?rest_route=\/wp\/v2\/pages\/378","targetHints":{"allow":["GET"]}}],"collection":[{"href":"https:\/\/hedvigagutierrez.sk\/index.php?rest_route=\/wp\/v2\/pages"}],"about":[{"href":"https:\/\/hedvigagutierrez.sk\/index.php?rest_route=\/wp\/v2\/types\/page"}],"author":[{"embeddable":true,"href":"https:\/\/hedvigagutierrez.sk\/index.php?rest_route=\/wp\/v2\/users\/1"}],"replies":[{"embeddable":true,"href":"https:\/\/hedvigagutierrez.sk\/index.php?rest_route=%2Fwp%2Fv2%2Fcomments&post=378"}],"version-history":[{"count":6,"href":"https:\/\/hedvigagutierrez.sk\/index.php?rest_route=\/wp\/v2\/pages\/378\/revisions"}],"predecessor-version":[{"id":3116,"href":"https:\/\/hedvigagutierrez.sk\/index.php?rest_route=\/wp\/v2\/pages\/378\/revisions\/3116"}],"wp:attachment":[{"href":"https:\/\/hedvigagutierrez.sk\/index.php?rest_route=%2Fwp%2Fv2%2Fmedia&parent=378"}],"curies":[{"name":"wp","href":"https:\/\/api.w.org\/{rel}","templated":true}]}}