{"id":3237,"date":"2024-05-13T18:21:32","date_gmt":"2024-05-13T16:21:32","guid":{"rendered":"https:\/\/hedvigagutierrez.sk\/?page_id=3237"},"modified":"2024-05-13T18:27:40","modified_gmt":"2024-05-13T16:27:40","slug":"o-soskovi-co-bral-vsetko-doslova","status":"publish","type":"page","link":"https:\/\/hedvigagutierrez.sk\/?page_id=3237","title":{"rendered":"O \u0160o\u0161kovi, \u010do bral v\u0161etko doslova"},"content":{"rendered":"\t\t<div data-elementor-type=\"wp-page\" data-elementor-id=\"3237\" class=\"elementor elementor-3237\">\n\t\t\t\t\t\t<section class=\"elementor-section elementor-top-section elementor-element elementor-element-85c01a6 elementor-section-boxed elementor-section-height-default elementor-section-height-default\" data-id=\"85c01a6\" data-element_type=\"section\" data-e-type=\"section\">\n\t\t\t\t\t\t<div class=\"elementor-container elementor-column-gap-default\">\n\t\t\t\t\t<div class=\"elementor-column elementor-col-100 elementor-top-column elementor-element elementor-element-aee2b92\" data-id=\"aee2b92\" data-element_type=\"column\" data-e-type=\"column\">\n\t\t\t<div class=\"elementor-widget-wrap elementor-element-populated\">\n\t\t\t\t\t\t<div class=\"elementor-element elementor-element-47300ed elementor-widget elementor-widget-heading\" data-id=\"47300ed\" data-element_type=\"widget\" data-e-type=\"widget\" data-widget_type=\"heading.default\">\n\t\t\t\t<div class=\"elementor-widget-container\">\n\t\t\t\t\t<h2 class=\"elementor-heading-title elementor-size-default\">O \u0160o\u0161kovi, \u010do bral v\u0161etko doslova<\/h2>\t\t\t\t<\/div>\n\t\t\t\t<\/div>\n\t\t\t\t\t<\/div>\n\t\t<\/div>\n\t\t\t\t\t<\/div>\n\t\t<\/section>\n\t\t\t\t<section class=\"elementor-section elementor-top-section elementor-element elementor-element-0229911 elementor-section-boxed elementor-section-height-default elementor-section-height-default\" data-id=\"0229911\" data-element_type=\"section\" data-e-type=\"section\">\n\t\t\t\t\t\t<div class=\"elementor-container elementor-column-gap-default\">\n\t\t\t\t\t<div class=\"elementor-column elementor-col-100 elementor-top-column elementor-element elementor-element-bb9866e\" data-id=\"bb9866e\" data-element_type=\"column\" data-e-type=\"column\">\n\t\t\t<div class=\"elementor-widget-wrap elementor-element-populated\">\n\t\t\t\t\t\t<div class=\"elementor-element elementor-element-fd7aee8 elementor-widget__width-initial elementor-widget elementor-widget-text-editor\" data-id=\"fd7aee8\" data-element_type=\"widget\" data-e-type=\"widget\" data-widget_type=\"text-editor.default\">\n\t\t\t\t<div class=\"elementor-widget-container\">\n\t\t\t\t\t\t\t\t\t<p><span style=\"color: #000000;\"><strong>Text:<\/strong> Marta Hlu\u0161\u00edkov\u00e1<\/span><\/p><p><span style=\"color: #000000;\"><strong>Publisher:<\/strong> Daxe, 2022<\/span><\/p>\t\t\t\t\t\t\t\t<\/div>\n\t\t\t\t<\/div>\n\t\t\t\t\t<\/div>\n\t\t<\/div>\n\t\t\t\t\t<\/div>\n\t\t<\/section>\n\t\t\t\t<section class=\"elementor-section elementor-top-section elementor-element elementor-element-f290bb3 elementor-section-boxed elementor-section-height-default elementor-section-height-default elementor-invisible\" data-id=\"f290bb3\" data-element_type=\"section\" data-e-type=\"section\" data-settings=\"{&quot;animation&quot;:&quot;fadeIn&quot;}\">\n\t\t\t\t\t\t<div class=\"elementor-container elementor-column-gap-default\">\n\t\t\t\t\t<div class=\"elementor-column elementor-col-100 elementor-top-column elementor-element elementor-element-d83cc3d\" data-id=\"d83cc3d\" data-element_type=\"column\" data-e-type=\"column\">\n\t\t\t<div class=\"elementor-widget-wrap elementor-element-populated\">\n\t\t\t\t\t\t<div class=\"elementor-element elementor-element-c38bb7d gallery-spacing-custom elementor-widget elementor-widget-image-gallery\" data-id=\"c38bb7d\" data-element_type=\"widget\" data-e-type=\"widget\" data-widget_type=\"image-gallery.default\">\n\t\t\t\t<div class=\"elementor-widget-container\">\n\t\t\t\t\t\t\t<div class=\"elementor-image-gallery\">\n\t\t\t<div id='gallery-10' class='gallery galleryid-3237 gallery-columns-1 gallery-size-full'><figure class='gallery-item'>\n\t\t\t<div class='gallery-icon landscape'>\n\t\t\t\t<a  href='https:\/\/hedvigagutierrez.sk\/wp-content\/uploads\/2024\/05\/1-2-scaled.jpg'><img fetchpriority=\"high\" decoding=\"async\" width=\"2560\" height=\"1810\" src=\"https:\/\/hedvigagutierrez.sk\/wp-content\/uploads\/2024\/05\/1-2-scaled.jpg\" class=\"attachment-full size-full\" alt=\"O \u0160o\u0161kovi, \u010do bral v\u0161etko doslova\" srcset=\"https:\/\/hedvigagutierrez.sk\/wp-content\/uploads\/2024\/05\/1-2-scaled.jpg 2560w, https:\/\/hedvigagutierrez.sk\/wp-content\/uploads\/2024\/05\/1-2-300x212.jpg 300w, https:\/\/hedvigagutierrez.sk\/wp-content\/uploads\/2024\/05\/1-2-1024x724.jpg 1024w, https:\/\/hedvigagutierrez.sk\/wp-content\/uploads\/2024\/05\/1-2-768x543.jpg 768w, https:\/\/hedvigagutierrez.sk\/wp-content\/uploads\/2024\/05\/1-2-1536x1086.jpg 1536w, https:\/\/hedvigagutierrez.sk\/wp-content\/uploads\/2024\/05\/1-2-2048x1448.jpg 2048w, https:\/\/hedvigagutierrez.sk\/wp-content\/uploads\/2024\/05\/1-2-18x12.jpg 18w\" sizes=\"(max-width: 2560px) 100vw, 2560px\" title=\"O \u0160o\u0161kovi, \u010do bral v\u0161etko doslova\" \/><\/a>\n\t\t\t<\/div><\/figure><figure class='gallery-item'>\n\t\t\t<div class='gallery-icon landscape'>\n\t\t\t\t<a  href='https:\/\/hedvigagutierrez.sk\/wp-content\/uploads\/2024\/05\/2-2-scaled.jpg'><img decoding=\"async\" width=\"2560\" height=\"1810\" src=\"https:\/\/hedvigagutierrez.sk\/wp-content\/uploads\/2024\/05\/2-2-scaled.jpg\" class=\"attachment-full size-full\" alt=\"O \u0160o\u0161kovi, \u010do bral v\u0161etko doslova\" srcset=\"https:\/\/hedvigagutierrez.sk\/wp-content\/uploads\/2024\/05\/2-2-scaled.jpg 2560w, https:\/\/hedvigagutierrez.sk\/wp-content\/uploads\/2024\/05\/2-2-300x212.jpg 300w, https:\/\/hedvigagutierrez.sk\/wp-content\/uploads\/2024\/05\/2-2-1024x724.jpg 1024w, https:\/\/hedvigagutierrez.sk\/wp-content\/uploads\/2024\/05\/2-2-768x543.jpg 768w, https:\/\/hedvigagutierrez.sk\/wp-content\/uploads\/2024\/05\/2-2-1536x1086.jpg 1536w, https:\/\/hedvigagutierrez.sk\/wp-content\/uploads\/2024\/05\/2-2-2048x1448.jpg 2048w, https:\/\/hedvigagutierrez.sk\/wp-content\/uploads\/2024\/05\/2-2-18x12.jpg 18w\" sizes=\"(max-width: 2560px) 100vw, 2560px\" title=\"O \u0160o\u0161kovi, \u010do bral v\u0161etko doslova\" \/><\/a>\n\t\t\t<\/div><\/figure><figure class='gallery-item'>\n\t\t\t<div class='gallery-icon landscape'>\n\t\t\t\t<a  href='https:\/\/hedvigagutierrez.sk\/wp-content\/uploads\/2024\/05\/3-2-scaled.jpg'><img decoding=\"async\" width=\"2560\" height=\"1810\" src=\"https:\/\/hedvigagutierrez.sk\/wp-content\/uploads\/2024\/05\/3-2-scaled.jpg\" class=\"attachment-full size-full\" alt=\"O \u0160o\u0161kovi, \u010do bral v\u0161etko doslova\" srcset=\"https:\/\/hedvigagutierrez.sk\/wp-content\/uploads\/2024\/05\/3-2-scaled.jpg 2560w, https:\/\/hedvigagutierrez.sk\/wp-content\/uploads\/2024\/05\/3-2-300x212.jpg 300w, https:\/\/hedvigagutierrez.sk\/wp-content\/uploads\/2024\/05\/3-2-1024x724.jpg 1024w, https:\/\/hedvigagutierrez.sk\/wp-content\/uploads\/2024\/05\/3-2-768x543.jpg 768w, https:\/\/hedvigagutierrez.sk\/wp-content\/uploads\/2024\/05\/3-2-1536x1086.jpg 1536w, https:\/\/hedvigagutierrez.sk\/wp-content\/uploads\/2024\/05\/3-2-2048x1448.jpg 2048w, https:\/\/hedvigagutierrez.sk\/wp-content\/uploads\/2024\/05\/3-2-18x12.jpg 18w\" sizes=\"(max-width: 2560px) 100vw, 2560px\" title=\"O \u0160o\u0161kovi, \u010do bral v\u0161etko doslova\" \/><\/a>\n\t\t\t<\/div><\/figure><figure class='gallery-item'>\n\t\t\t<div class='gallery-icon landscape'>\n\t\t\t\t<a  href='https:\/\/hedvigagutierrez.sk\/wp-content\/uploads\/2024\/05\/4-2-scaled.jpg'><img loading=\"lazy\" decoding=\"async\" width=\"2560\" height=\"1810\" src=\"https:\/\/hedvigagutierrez.sk\/wp-content\/uploads\/2024\/05\/4-2-scaled.jpg\" class=\"attachment-full size-full\" alt=\"O \u0160o\u0161kovi, \u010do bral v\u0161etko doslova\" srcset=\"https:\/\/hedvigagutierrez.sk\/wp-content\/uploads\/2024\/05\/4-2-scaled.jpg 2560w, https:\/\/hedvigagutierrez.sk\/wp-content\/uploads\/2024\/05\/4-2-300x212.jpg 300w, https:\/\/hedvigagutierrez.sk\/wp-content\/uploads\/2024\/05\/4-2-1024x724.jpg 1024w, https:\/\/hedvigagutierrez.sk\/wp-content\/uploads\/2024\/05\/4-2-768x543.jpg 768w, https:\/\/hedvigagutierrez.sk\/wp-content\/uploads\/2024\/05\/4-2-1536x1086.jpg 1536w, https:\/\/hedvigagutierrez.sk\/wp-content\/uploads\/2024\/05\/4-2-2048x1448.jpg 2048w, https:\/\/hedvigagutierrez.sk\/wp-content\/uploads\/2024\/05\/4-2-18x12.jpg 18w\" sizes=\"(max-width: 2560px) 100vw, 2560px\" title=\"O \u0160o\u0161kovi, \u010do bral v\u0161etko doslova\" \/><\/a>\n\t\t\t<\/div><\/figure><figure class='gallery-item'>\n\t\t\t<div class='gallery-icon landscape'>\n\t\t\t\t<a  href='https:\/\/hedvigagutierrez.sk\/wp-content\/uploads\/2024\/05\/7-2-scaled.jpg'><img loading=\"lazy\" decoding=\"async\" width=\"2560\" height=\"1810\" src=\"https:\/\/hedvigagutierrez.sk\/wp-content\/uploads\/2024\/05\/7-2-scaled.jpg\" class=\"attachment-full size-full\" alt=\"O \u0160o\u0161kovi, \u010do bral v\u0161etko doslova\" srcset=\"https:\/\/hedvigagutierrez.sk\/wp-content\/uploads\/2024\/05\/7-2-scaled.jpg 2560w, https:\/\/hedvigagutierrez.sk\/wp-content\/uploads\/2024\/05\/7-2-300x212.jpg 300w, https:\/\/hedvigagutierrez.sk\/wp-content\/uploads\/2024\/05\/7-2-1024x724.jpg 1024w, https:\/\/hedvigagutierrez.sk\/wp-content\/uploads\/2024\/05\/7-2-768x543.jpg 768w, https:\/\/hedvigagutierrez.sk\/wp-content\/uploads\/2024\/05\/7-2-1536x1086.jpg 1536w, https:\/\/hedvigagutierrez.sk\/wp-content\/uploads\/2024\/05\/7-2-2048x1448.jpg 2048w, https:\/\/hedvigagutierrez.sk\/wp-content\/uploads\/2024\/05\/7-2-18x12.jpg 18w\" sizes=\"(max-width: 2560px) 100vw, 2560px\" title=\"O \u0160o\u0161kovi, \u010do bral v\u0161etko doslova\" \/><\/a>\n\t\t\t<\/div><\/figure><figure class='gallery-item'>\n\t\t\t<div class='gallery-icon landscape'>\n\t\t\t\t<a  href='https:\/\/hedvigagutierrez.sk\/wp-content\/uploads\/2024\/05\/5-2-scaled.jpg'><img loading=\"lazy\" decoding=\"async\" width=\"2560\" height=\"1810\" src=\"https:\/\/hedvigagutierrez.sk\/wp-content\/uploads\/2024\/05\/5-2-scaled.jpg\" class=\"attachment-full size-full\" alt=\"O \u0160o\u0161kovi, \u010do bral v\u0161etko doslova\" srcset=\"https:\/\/hedvigagutierrez.sk\/wp-content\/uploads\/2024\/05\/5-2-scaled.jpg 2560w, https:\/\/hedvigagutierrez.sk\/wp-content\/uploads\/2024\/05\/5-2-300x212.jpg 300w, https:\/\/hedvigagutierrez.sk\/wp-content\/uploads\/2024\/05\/5-2-1024x724.jpg 1024w, https:\/\/hedvigagutierrez.sk\/wp-content\/uploads\/2024\/05\/5-2-768x543.jpg 768w, https:\/\/hedvigagutierrez.sk\/wp-content\/uploads\/2024\/05\/5-2-1536x1086.jpg 1536w, https:\/\/hedvigagutierrez.sk\/wp-content\/uploads\/2024\/05\/5-2-2048x1448.jpg 2048w, https:\/\/hedvigagutierrez.sk\/wp-content\/uploads\/2024\/05\/5-2-18x12.jpg 18w\" sizes=\"(max-width: 2560px) 100vw, 2560px\" title=\"O \u0160o\u0161kovi, \u010do bral v\u0161etko doslova\" \/><\/a>\n\t\t\t<\/div><\/figure><figure class='gallery-item'>\n\t\t\t<div class='gallery-icon landscape'>\n\t\t\t\t<a  href='https:\/\/hedvigagutierrez.sk\/wp-content\/uploads\/2024\/05\/6-2-scaled.jpg'><img loading=\"lazy\" decoding=\"async\" width=\"2560\" height=\"1810\" src=\"https:\/\/hedvigagutierrez.sk\/wp-content\/uploads\/2024\/05\/6-2-scaled.jpg\" class=\"attachment-full size-full\" alt=\"O \u0160o\u0161kovi, \u010do bral v\u0161etko doslova\" srcset=\"https:\/\/hedvigagutierrez.sk\/wp-content\/uploads\/2024\/05\/6-2-scaled.jpg 2560w, https:\/\/hedvigagutierrez.sk\/wp-content\/uploads\/2024\/05\/6-2-300x212.jpg 300w, https:\/\/hedvigagutierrez.sk\/wp-content\/uploads\/2024\/05\/6-2-1024x724.jpg 1024w, https:\/\/hedvigagutierrez.sk\/wp-content\/uploads\/2024\/05\/6-2-768x543.jpg 768w, https:\/\/hedvigagutierrez.sk\/wp-content\/uploads\/2024\/05\/6-2-1536x1086.jpg 1536w, https:\/\/hedvigagutierrez.sk\/wp-content\/uploads\/2024\/05\/6-2-2048x1448.jpg 2048w, https:\/\/hedvigagutierrez.sk\/wp-content\/uploads\/2024\/05\/6-2-18x12.jpg 18w\" sizes=\"(max-width: 2560px) 100vw, 2560px\" title=\"O \u0160o\u0161kovi, \u010do bral v\u0161etko doslova\" \/><\/a>\n\t\t\t<\/div><\/figure><figure class='gallery-item'>\n\t\t\t<div class='gallery-icon landscape'>\n\t\t\t\t<a  href='https:\/\/hedvigagutierrez.sk\/wp-content\/uploads\/2024\/05\/8-2-scaled.jpg'><img loading=\"lazy\" decoding=\"async\" width=\"2560\" height=\"1810\" src=\"https:\/\/hedvigagutierrez.sk\/wp-content\/uploads\/2024\/05\/8-2-scaled.jpg\" class=\"attachment-full size-full\" alt=\"O \u0160o\u0161kovi, \u010do bral v\u0161etko doslova\" srcset=\"https:\/\/hedvigagutierrez.sk\/wp-content\/uploads\/2024\/05\/8-2-scaled.jpg 2560w, https:\/\/hedvigagutierrez.sk\/wp-content\/uploads\/2024\/05\/8-2-300x212.jpg 300w, https:\/\/hedvigagutierrez.sk\/wp-content\/uploads\/2024\/05\/8-2-1024x724.jpg 1024w, https:\/\/hedvigagutierrez.sk\/wp-content\/uploads\/2024\/05\/8-2-768x543.jpg 768w, https:\/\/hedvigagutierrez.sk\/wp-content\/uploads\/2024\/05\/8-2-1536x1086.jpg 1536w, https:\/\/hedvigagutierrez.sk\/wp-content\/uploads\/2024\/05\/8-2-2048x1448.jpg 2048w, https:\/\/hedvigagutierrez.sk\/wp-content\/uploads\/2024\/05\/8-2-18x12.jpg 18w\" sizes=\"(max-width: 2560px) 100vw, 2560px\" title=\"O \u0160o\u0161kovi, \u010do bral v\u0161etko doslova\" \/><\/a>\n\t\t\t<\/div><\/figure>\n\t\t<\/div>\n\t\t<\/div>\n\t\t\t\t\t\t<\/div>\n\t\t\t\t<\/div>\n\t\t\t\t\t<\/div>\n\t\t<\/div>\n\t\t\t\t\t<\/div>\n\t\t<\/section>\n\t\t\t\t<\/div>\n\t\t","protected":false},"excerpt":{"rendered":"<p>O \u0160o\u0161kovi, \u010do bral v\u0161etko doslova Text: Marta Hlu\u0161\u00edkov\u00e1 Publisher: Daxe, 2022<\/p>\n","protected":false},"author":1,"featured_media":0,"parent":0,"menu_order":0,"comment_status":"closed","ping_status":"closed","template":"","meta":{"site-sidebar-layout":"no-sidebar","site-content-layout":"page-builder","ast-site-content-layout":"full-width-container","site-content-style":"default","site-sidebar-style":"default","ast-global-header-display":"","ast-banner-title-visibility":"","ast-main-header-display":"","ast-hfb-above-header-display":"","ast-hfb-below-header-display":"","ast-hfb-mobile-header-display":"","site-post-title":"disabled","ast-breadcrumbs-content":"","ast-featured-img":"disabled","footer-sml-layout":"","theme-transparent-header-meta":"","adv-header-id-meta":"","stick-header-meta":"","header-above-stick-meta":"","header-main-stick-meta":"","header-below-stick-meta":"","astra-migrate-meta-layouts":"set","ast-page-background-enabled":"default","ast-page-background-meta":{"desktop":{"background-color":"","background-image":"","background-repeat":"repeat","background-position":"center center","background-size":"auto","background-attachment":"scroll","background-type":"","background-media":"","overlay-type":"","overlay-color":"","overlay-opacity":"","overlay-gradient":""},"tablet":{"background-color":"","background-image":"","background-repeat":"repeat","background-position":"center center","background-size":"auto","background-attachment":"scroll","background-type":"","background-media":"","overlay-type":"","overlay-color":"","overlay-opacity":"","overlay-gradient":""},"mobile":{"background-color":"","background-image":"","background-repeat":"repeat","background-position":"center center","background-size":"auto","background-attachment":"scroll","background-type":"","background-media":"","overlay-type":"","overlay-color":"","overlay-opacity":"","overlay-gradient":""}},"ast-content-background-meta":{"desktop":{"background-color":"var(--ast-global-color-5)","background-image":"","background-repeat":"repeat","background-position":"center center","background-size":"auto","background-attachment":"scroll","background-type":"","background-media":"","overlay-type":"","overlay-color":"","overlay-opacity":"","overlay-gradient":""},"tablet":{"background-color":"var(--ast-global-color-5)","background-image":"","background-repeat":"repeat","background-position":"center center","background-size":"auto","background-attachment":"scroll","background-type":"","background-media":"","overlay-type":"","overlay-color":"","overlay-opacity":"","overlay-gradient":""},"mobile":{"background-color":"var(--ast-global-color-5)","background-image":"","background-repeat":"repeat","background-position":"center center","background-size":"auto","background-attachment":"scroll","background-type":"","background-media":"","overlay-type":"","overlay-color":"","overlay-opacity":"","overlay-gradient":""}},"footnotes":""},"class_list":["post-3237","page","type-page","status-publish","hentry"],"aioseo_notices":[],"_links":{"self":[{"href":"https:\/\/hedvigagutierrez.sk\/index.php?rest_route=\/wp\/v2\/pages\/3237","targetHints":{"allow":["GET"]}}],"collection":[{"href":"https:\/\/hedvigagutierrez.sk\/index.php?rest_route=\/wp\/v2\/pages"}],"about":[{"href":"https:\/\/hedvigagutierrez.sk\/index.php?rest_route=\/wp\/v2\/types\/page"}],"author":[{"embeddable":true,"href":"https:\/\/hedvigagutierrez.sk\/index.php?rest_route=\/wp\/v2\/users\/1"}],"replies":[{"embeddable":true,"href":"https:\/\/hedvigagutierrez.sk\/index.php?rest_route=%2Fwp%2Fv2%2Fcomments&post=3237"}],"version-history":[{"count":6,"href":"https:\/\/hedvigagutierrez.sk\/index.php?rest_route=\/wp\/v2\/pages\/3237\/revisions"}],"predecessor-version":[{"id":3258,"href":"https:\/\/hedvigagutierrez.sk\/index.php?rest_route=\/wp\/v2\/pages\/3237\/revisions\/3258"}],"wp:attachment":[{"href":"https:\/\/hedvigagutierrez.sk\/index.php?rest_route=%2Fwp%2Fv2%2Fmedia&parent=3237"}],"curies":[{"name":"wp","href":"https:\/\/api.w.org\/{rel}","templated":true}]}}