{"id":2625,"date":"2022-10-02T12:52:46","date_gmt":"2022-10-02T10:52:46","guid":{"rendered":"https:\/\/hedvigagutierrez.sk\/?page_id=2625"},"modified":"2022-10-02T13:11:12","modified_gmt":"2022-10-02T11:11:12","slug":"deal-with-nature","status":"publish","type":"page","link":"https:\/\/hedvigagutierrez.sk\/?page_id=2625","title":{"rendered":"Deal With Nature"},"content":{"rendered":"\t\t<div data-elementor-type=\"wp-page\" data-elementor-id=\"2625\" class=\"elementor elementor-2625\">\n\t\t\t\t\t\t<section class=\"elementor-section elementor-top-section elementor-element elementor-element-e1e0156 elementor-section-boxed elementor-section-height-default elementor-section-height-default\" data-id=\"e1e0156\" data-element_type=\"section\" data-e-type=\"section\">\n\t\t\t\t\t\t<div class=\"elementor-container elementor-column-gap-default\">\n\t\t\t\t\t<div class=\"elementor-column elementor-col-100 elementor-top-column elementor-element elementor-element-8855ebf\" data-id=\"8855ebf\" data-element_type=\"column\" data-e-type=\"column\">\n\t\t\t<div class=\"elementor-widget-wrap elementor-element-populated\">\n\t\t\t\t\t\t<div class=\"elementor-element elementor-element-e703971 elementor-widget elementor-widget-heading\" data-id=\"e703971\" data-element_type=\"widget\" data-e-type=\"widget\" data-widget_type=\"heading.default\">\n\t\t\t\t<div class=\"elementor-widget-container\">\n\t\t\t\t\t<h2 class=\"elementor-heading-title elementor-size-default\">Deal With Nature<\/h2>\t\t\t\t<\/div>\n\t\t\t\t<\/div>\n\t\t\t\t\t<\/div>\n\t\t<\/div>\n\t\t\t\t\t<\/div>\n\t\t<\/section>\n\t\t\t\t<section class=\"elementor-section elementor-top-section elementor-element elementor-element-8b12a0b elementor-section-boxed elementor-section-height-default elementor-section-height-default\" data-id=\"8b12a0b\" data-element_type=\"section\" data-e-type=\"section\">\n\t\t\t\t\t\t<div class=\"elementor-container elementor-column-gap-default\">\n\t\t\t\t\t<div class=\"elementor-column elementor-col-100 elementor-top-column elementor-element elementor-element-0079697\" data-id=\"0079697\" data-element_type=\"column\" data-e-type=\"column\">\n\t\t\t<div class=\"elementor-widget-wrap elementor-element-populated\">\n\t\t\t\t\t\t<div class=\"elementor-element elementor-element-6477b7d elementor-invisible elementor-widget elementor-widget-image\" data-id=\"6477b7d\" data-element_type=\"widget\" data-e-type=\"widget\" data-settings=\"{&quot;_animation&quot;:&quot;fadeIn&quot;}\" data-widget_type=\"image.default\">\n\t\t\t\t<div class=\"elementor-widget-container\">\n\t\t\t\t\t\t\t\t\t\t\t\t\t\t\t<img fetchpriority=\"high\" decoding=\"async\" width=\"1536\" height=\"933\" src=\"https:\/\/hedvigagutierrez.sk\/wp-content\/uploads\/2022\/10\/TITULNA-DIAR-1536x933.jpg\" class=\"attachment-1536x1536 size-1536x1536 wp-image-2627\" alt=\"Deal With Nature\" srcset=\"https:\/\/hedvigagutierrez.sk\/wp-content\/uploads\/2022\/10\/TITULNA-DIAR-1536x933.jpg 1536w, https:\/\/hedvigagutierrez.sk\/wp-content\/uploads\/2022\/10\/TITULNA-DIAR-300x182.jpg 300w, https:\/\/hedvigagutierrez.sk\/wp-content\/uploads\/2022\/10\/TITULNA-DIAR-1024x622.jpg 1024w, https:\/\/hedvigagutierrez.sk\/wp-content\/uploads\/2022\/10\/TITULNA-DIAR-768x467.jpg 768w, https:\/\/hedvigagutierrez.sk\/wp-content\/uploads\/2022\/10\/TITULNA-DIAR-2048x1244.jpg 2048w, https:\/\/hedvigagutierrez.sk\/wp-content\/uploads\/2022\/10\/TITULNA-DIAR-18x12.jpg 18w\" sizes=\"(max-width: 1536px) 100vw, 1536px\" title=\"Deal With Nature\" \/>\t\t\t\t\t\t\t\t\t\t\t\t\t\t\t<\/div>\n\t\t\t\t<\/div>\n\t\t\t\t\t<\/div>\n\t\t<\/div>\n\t\t\t\t\t<\/div>\n\t\t<\/section>\n\t\t\t\t<section class=\"elementor-section elementor-top-section elementor-element elementor-element-74ecc47 elementor-section-boxed elementor-section-height-default elementor-section-height-default\" data-id=\"74ecc47\" data-element_type=\"section\" data-e-type=\"section\">\n\t\t\t\t\t\t<div class=\"elementor-container elementor-column-gap-default\">\n\t\t\t\t\t<div class=\"elementor-column elementor-col-100 elementor-top-column elementor-element elementor-element-1fc0728\" data-id=\"1fc0728\" data-element_type=\"column\" data-e-type=\"column\">\n\t\t\t<div class=\"elementor-widget-wrap elementor-element-populated\">\n\t\t\t\t\t\t<div class=\"elementor-element elementor-element-afdad98 elementor-widget elementor-widget-text-editor\" data-id=\"afdad98\" data-element_type=\"widget\" data-e-type=\"widget\" data-widget_type=\"text-editor.default\">\n\t\t\t\t<div class=\"elementor-widget-container\">\n\t\t\t\t\t\t\t\t\t<p>Text: Romana Elischerov\u00e1<\/p><p>\u00a0<\/p><p>Di\u00e1r skr\u00fdva viac ako 140 t\u00e9m a 340 zdrojov inform\u00e1ci\u00ed. Je doplnen\u00fd o 12 ilustr\u00e1ci\u00ed in\u0161pirat\u00edvnych osobnost\u00ed, 12 tabuliek dobr\u00fdch n\u00e1vykov, 1 zapisova\u010d \u017eelan\u00fdch dar\u010dekov, 16 u\u017eito\u010dn\u00fdch QR k\u00f3dov a 18 vo\u013en\u00fdch str\u00e1n ur\u010den\u00fdch na \u013eubovo\u013en\u00e9 z\u00e1pisky. T\u00e9my s\u00fa naviazan\u00e9 na r\u00f4zne medzin\u00e1rodn\u00e9 \u010di svetov\u00e9 dni a rozhoden\u00e9 na d\u013a\u017eku jedn\u00e9ho roka. Celkov\u00fd z\u00e1\u017eitok dotv\u00e1ra materi\u00e1l. Di\u00e1r sa p\u00fd\u0161i certifikovan\u00fdm, pevn\u00fdm a vo\u0148av\u00fdm papierom, svie\u017eou odhalenou v\u00e4zbou a v umeleck\u00fdch kruhoch ob\u013e\u00fabenou risografickou tla\u010dou na starom Rise. Di\u00e1r Deal With Nature \u0165a prevedie rokom tak, ako \u017eiadny in\u00fd sprievodca a vytvor\u00ed z 365 dn\u00ed jeden ucelen\u00fd z\u00e1\u017eitok.<\/p><p>\u00a0<\/p>\t\t\t\t\t\t\t\t<\/div>\n\t\t\t\t<\/div>\n\t\t\t\t\t<\/div>\n\t\t<\/div>\n\t\t\t\t\t<\/div>\n\t\t<\/section>\n\t\t\t\t<section class=\"elementor-section elementor-top-section elementor-element elementor-element-c18142c elementor-section-boxed elementor-section-height-default elementor-section-height-default elementor-invisible\" data-id=\"c18142c\" data-element_type=\"section\" data-e-type=\"section\" data-settings=\"{&quot;animation&quot;:&quot;fadeIn&quot;}\">\n\t\t\t\t\t\t<div class=\"elementor-container elementor-column-gap-default\">\n\t\t\t\t\t<div class=\"elementor-column elementor-col-100 elementor-top-column elementor-element elementor-element-af87411\" data-id=\"af87411\" data-element_type=\"column\" data-e-type=\"column\">\n\t\t\t<div class=\"elementor-widget-wrap elementor-element-populated\">\n\t\t\t\t\t\t<div class=\"elementor-element elementor-element-b011b9b elementor-widget elementor-widget-image-gallery\" data-id=\"b011b9b\" data-element_type=\"widget\" data-e-type=\"widget\" data-widget_type=\"image-gallery.default\">\n\t\t\t\t<div class=\"elementor-widget-container\">\n\t\t\t\t\t\t\t<div class=\"elementor-image-gallery\">\n\t\t\t<div id='gallery-28' class='gallery galleryid-2625 gallery-columns-2 gallery-size-full'><figure class='gallery-item'>\n\t\t\t<div class='gallery-icon landscape'>\n\t\t\t\t<a  href='https:\/\/hedvigagutierrez.sk\/wp-content\/uploads\/2022\/10\/8BB47C2F-C4A1-4725-AB7A-ADD9D168212B-scaled.jpg'><img decoding=\"async\" width=\"2560\" height=\"1706\" src=\"https:\/\/hedvigagutierrez.sk\/wp-content\/uploads\/2022\/10\/8BB47C2F-C4A1-4725-AB7A-ADD9D168212B-scaled.jpg\" class=\"attachment-full size-full\" alt=\"Deal With Nature\" srcset=\"https:\/\/hedvigagutierrez.sk\/wp-content\/uploads\/2022\/10\/8BB47C2F-C4A1-4725-AB7A-ADD9D168212B-scaled.jpg 2560w, https:\/\/hedvigagutierrez.sk\/wp-content\/uploads\/2022\/10\/8BB47C2F-C4A1-4725-AB7A-ADD9D168212B-300x200.jpg 300w, https:\/\/hedvigagutierrez.sk\/wp-content\/uploads\/2022\/10\/8BB47C2F-C4A1-4725-AB7A-ADD9D168212B-1024x683.jpg 1024w, https:\/\/hedvigagutierrez.sk\/wp-content\/uploads\/2022\/10\/8BB47C2F-C4A1-4725-AB7A-ADD9D168212B-768x512.jpg 768w, https:\/\/hedvigagutierrez.sk\/wp-content\/uploads\/2022\/10\/8BB47C2F-C4A1-4725-AB7A-ADD9D168212B-1536x1024.jpg 1536w, https:\/\/hedvigagutierrez.sk\/wp-content\/uploads\/2022\/10\/8BB47C2F-C4A1-4725-AB7A-ADD9D168212B-2048x1365.jpg 2048w, https:\/\/hedvigagutierrez.sk\/wp-content\/uploads\/2022\/10\/8BB47C2F-C4A1-4725-AB7A-ADD9D168212B-18x12.jpg 18w\" sizes=\"(max-width: 2560px) 100vw, 2560px\" title=\"Deal With Nature\" \/><\/a>\n\t\t\t<\/div><\/figure><figure class='gallery-item'>\n\t\t\t<div class='gallery-icon landscape'>\n\t\t\t\t<a  href='https:\/\/hedvigagutierrez.sk\/wp-content\/uploads\/2022\/10\/876CC8A1-F1A3-4C12-9236-92F205312A13-scaled.jpg'><img decoding=\"async\" width=\"2560\" height=\"1707\" src=\"https:\/\/hedvigagutierrez.sk\/wp-content\/uploads\/2022\/10\/876CC8A1-F1A3-4C12-9236-92F205312A13-scaled.jpg\" class=\"attachment-full size-full\" alt=\"Deal With Nature\" srcset=\"https:\/\/hedvigagutierrez.sk\/wp-content\/uploads\/2022\/10\/876CC8A1-F1A3-4C12-9236-92F205312A13-scaled.jpg 2560w, https:\/\/hedvigagutierrez.sk\/wp-content\/uploads\/2022\/10\/876CC8A1-F1A3-4C12-9236-92F205312A13-300x200.jpg 300w, https:\/\/hedvigagutierrez.sk\/wp-content\/uploads\/2022\/10\/876CC8A1-F1A3-4C12-9236-92F205312A13-1024x683.jpg 1024w, https:\/\/hedvigagutierrez.sk\/wp-content\/uploads\/2022\/10\/876CC8A1-F1A3-4C12-9236-92F205312A13-768x512.jpg 768w, https:\/\/hedvigagutierrez.sk\/wp-content\/uploads\/2022\/10\/876CC8A1-F1A3-4C12-9236-92F205312A13-1536x1024.jpg 1536w, https:\/\/hedvigagutierrez.sk\/wp-content\/uploads\/2022\/10\/876CC8A1-F1A3-4C12-9236-92F205312A13-2048x1365.jpg 2048w, https:\/\/hedvigagutierrez.sk\/wp-content\/uploads\/2022\/10\/876CC8A1-F1A3-4C12-9236-92F205312A13-18x12.jpg 18w\" sizes=\"(max-width: 2560px) 100vw, 2560px\" title=\"Deal With Nature\" \/><\/a>\n\t\t\t<\/div><\/figure>\n\t\t<\/div>\n\t\t<\/div>\n\t\t\t\t\t\t<\/div>\n\t\t\t\t<\/div>\n\t\t\t\t\t<\/div>\n\t\t<\/div>\n\t\t\t\t\t<\/div>\n\t\t<\/section>\n\t\t\t\t<section class=\"elementor-section elementor-top-section elementor-element elementor-element-d7ae476 elementor-section-boxed elementor-section-height-default elementor-section-height-default elementor-invisible\" data-id=\"d7ae476\" data-element_type=\"section\" data-e-type=\"section\" data-settings=\"{&quot;animation&quot;:&quot;fadeIn&quot;}\">\n\t\t\t\t\t\t<div class=\"elementor-container elementor-column-gap-default\">\n\t\t\t\t\t<div class=\"elementor-column elementor-col-100 elementor-top-column elementor-element elementor-element-6b4ba1c\" data-id=\"6b4ba1c\" data-element_type=\"column\" data-e-type=\"column\">\n\t\t\t<div class=\"elementor-widget-wrap elementor-element-populated\">\n\t\t\t\t\t\t<div class=\"elementor-element elementor-element-45ccd1f elementor-widget elementor-widget-image-gallery\" data-id=\"45ccd1f\" data-element_type=\"widget\" data-e-type=\"widget\" data-widget_type=\"image-gallery.default\">\n\t\t\t\t<div class=\"elementor-widget-container\">\n\t\t\t\t\t\t\t<div class=\"elementor-image-gallery\">\n\t\t\t<div id='gallery-29' class='gallery galleryid-2625 gallery-columns-1 gallery-size-full'><figure class='gallery-item'>\n\t\t\t<div class='gallery-icon landscape'>\n\t\t\t\t<a  href='https:\/\/hedvigagutierrez.sk\/wp-content\/uploads\/2022\/10\/1-2-scaled.jpg'><img loading=\"lazy\" decoding=\"async\" width=\"2560\" height=\"1132\" src=\"https:\/\/hedvigagutierrez.sk\/wp-content\/uploads\/2022\/10\/1-2-scaled.jpg\" class=\"attachment-full size-full\" alt=\"Deal With Nature\" srcset=\"https:\/\/hedvigagutierrez.sk\/wp-content\/uploads\/2022\/10\/1-2-scaled.jpg 2560w, https:\/\/hedvigagutierrez.sk\/wp-content\/uploads\/2022\/10\/1-2-300x133.jpg 300w, https:\/\/hedvigagutierrez.sk\/wp-content\/uploads\/2022\/10\/1-2-1024x453.jpg 1024w, https:\/\/hedvigagutierrez.sk\/wp-content\/uploads\/2022\/10\/1-2-768x340.jpg 768w, https:\/\/hedvigagutierrez.sk\/wp-content\/uploads\/2022\/10\/1-2-1536x679.jpg 1536w, https:\/\/hedvigagutierrez.sk\/wp-content\/uploads\/2022\/10\/1-2-2048x906.jpg 2048w, https:\/\/hedvigagutierrez.sk\/wp-content\/uploads\/2022\/10\/1-2-18x8.jpg 18w\" sizes=\"(max-width: 2560px) 100vw, 2560px\" title=\"Deal With Nature\" \/><\/a>\n\t\t\t<\/div><\/figure><figure class='gallery-item'>\n\t\t\t<div class='gallery-icon landscape'>\n\t\t\t\t<a  href='https:\/\/hedvigagutierrez.sk\/wp-content\/uploads\/2022\/10\/2-1-scaled.jpg'><img loading=\"lazy\" decoding=\"async\" width=\"2560\" height=\"1132\" src=\"https:\/\/hedvigagutierrez.sk\/wp-content\/uploads\/2022\/10\/2-1-scaled.jpg\" class=\"attachment-full size-full\" alt=\"Deal With Nature\" srcset=\"https:\/\/hedvigagutierrez.sk\/wp-content\/uploads\/2022\/10\/2-1-scaled.jpg 2560w, https:\/\/hedvigagutierrez.sk\/wp-content\/uploads\/2022\/10\/2-1-300x133.jpg 300w, https:\/\/hedvigagutierrez.sk\/wp-content\/uploads\/2022\/10\/2-1-1024x453.jpg 1024w, https:\/\/hedvigagutierrez.sk\/wp-content\/uploads\/2022\/10\/2-1-768x340.jpg 768w, https:\/\/hedvigagutierrez.sk\/wp-content\/uploads\/2022\/10\/2-1-1536x679.jpg 1536w, https:\/\/hedvigagutierrez.sk\/wp-content\/uploads\/2022\/10\/2-1-2048x906.jpg 2048w, https:\/\/hedvigagutierrez.sk\/wp-content\/uploads\/2022\/10\/2-1-18x8.jpg 18w\" sizes=\"(max-width: 2560px) 100vw, 2560px\" title=\"Deal With Nature\" \/><\/a>\n\t\t\t<\/div><\/figure><figure class='gallery-item'>\n\t\t\t<div class='gallery-icon landscape'>\n\t\t\t\t<a  href='https:\/\/hedvigagutierrez.sk\/wp-content\/uploads\/2022\/10\/3-1-scaled.jpg'><img loading=\"lazy\" decoding=\"async\" width=\"2560\" height=\"1132\" src=\"https:\/\/hedvigagutierrez.sk\/wp-content\/uploads\/2022\/10\/3-1-scaled.jpg\" class=\"attachment-full size-full\" alt=\"Deal With Nature\" srcset=\"https:\/\/hedvigagutierrez.sk\/wp-content\/uploads\/2022\/10\/3-1-scaled.jpg 2560w, https:\/\/hedvigagutierrez.sk\/wp-content\/uploads\/2022\/10\/3-1-300x133.jpg 300w, https:\/\/hedvigagutierrez.sk\/wp-content\/uploads\/2022\/10\/3-1-1024x453.jpg 1024w, https:\/\/hedvigagutierrez.sk\/wp-content\/uploads\/2022\/10\/3-1-768x340.jpg 768w, https:\/\/hedvigagutierrez.sk\/wp-content\/uploads\/2022\/10\/3-1-1536x679.jpg 1536w, https:\/\/hedvigagutierrez.sk\/wp-content\/uploads\/2022\/10\/3-1-2048x906.jpg 2048w, https:\/\/hedvigagutierrez.sk\/wp-content\/uploads\/2022\/10\/3-1-18x8.jpg 18w\" sizes=\"(max-width: 2560px) 100vw, 2560px\" title=\"Deal With Nature\" \/><\/a>\n\t\t\t<\/div><\/figure>\n\t\t<\/div>\n\t\t<\/div>\n\t\t\t\t\t\t<\/div>\n\t\t\t\t<\/div>\n\t\t\t\t\t<\/div>\n\t\t<\/div>\n\t\t\t\t\t<\/div>\n\t\t<\/section>\n\t\t\t\t<\/div>\n\t\t","protected":false},"excerpt":{"rendered":"<p>Deal With Nature Text: Romana Elischerov\u00e1 \u00a0 Di\u00e1r skr\u00fdva viac ako 140 t\u00e9m a 340 zdrojov inform\u00e1ci\u00ed. Je doplnen\u00fd o 12 ilustr\u00e1ci\u00ed in\u0161pirat\u00edvnych osobnost\u00ed, 12 tabuliek dobr\u00fdch n\u00e1vykov, 1 zapisova\u010d \u017eelan\u00fdch dar\u010dekov, 16 u\u017eito\u010dn\u00fdch QR k\u00f3dov a 18 vo\u013en\u00fdch str\u00e1n ur\u010den\u00fdch na \u013eubovo\u013en\u00e9 z\u00e1pisky. T\u00e9my s\u00fa naviazan\u00e9 na r\u00f4zne medzin\u00e1rodn\u00e9 \u010di svetov\u00e9 dni a rozhoden\u00e9 [&hellip;]<\/p>\n","protected":false},"author":1,"featured_media":0,"parent":0,"menu_order":0,"comment_status":"closed","ping_status":"closed","template":"","meta":{"site-sidebar-layout":"no-sidebar","site-content-layout":"page-builder","ast-site-content-layout":"default","site-content-style":"default","site-sidebar-style":"default","ast-global-header-display":"","ast-banner-title-visibility":"","ast-main-header-display":"","ast-hfb-above-header-display":"","ast-hfb-below-header-display":"","ast-hfb-mobile-header-display":"","site-post-title":"disabled","ast-breadcrumbs-content":"","ast-featured-img":"disabled","footer-sml-layout":"","theme-transparent-header-meta":"default","adv-header-id-meta":"","stick-header-meta":"","header-above-stick-meta":"","header-main-stick-meta":"","header-below-stick-meta":"","astra-migrate-meta-layouts":"default","ast-page-background-enabled":"default","ast-page-background-meta":{"desktop":{"background-color":"","background-image":"","background-repeat":"repeat","background-position":"center center","background-size":"auto","background-attachment":"scroll","background-type":"","background-media":"","overlay-type":"","overlay-color":"","overlay-opacity":"","overlay-gradient":""},"tablet":{"background-color":"","background-image":"","background-repeat":"repeat","background-position":"center center","background-size":"auto","background-attachment":"scroll","background-type":"","background-media":"","overlay-type":"","overlay-color":"","overlay-opacity":"","overlay-gradient":""},"mobile":{"background-color":"","background-image":"","background-repeat":"repeat","background-position":"center center","background-size":"auto","background-attachment":"scroll","background-type":"","background-media":"","overlay-type":"","overlay-color":"","overlay-opacity":"","overlay-gradient":""}},"ast-content-background-meta":{"desktop":{"background-color":"var(--ast-global-color-5)","background-image":"","background-repeat":"repeat","background-position":"center center","background-size":"auto","background-attachment":"scroll","background-type":"","background-media":"","overlay-type":"","overlay-color":"","overlay-opacity":"","overlay-gradient":""},"tablet":{"background-color":"var(--ast-global-color-5)","background-image":"","background-repeat":"repeat","background-position":"center center","background-size":"auto","background-attachment":"scroll","background-type":"","background-media":"","overlay-type":"","overlay-color":"","overlay-opacity":"","overlay-gradient":""},"mobile":{"background-color":"var(--ast-global-color-5)","background-image":"","background-repeat":"repeat","background-position":"center center","background-size":"auto","background-attachment":"scroll","background-type":"","background-media":"","overlay-type":"","overlay-color":"","overlay-opacity":"","overlay-gradient":""}},"footnotes":""},"class_list":["post-2625","page","type-page","status-publish","hentry"],"aioseo_notices":[],"_links":{"self":[{"href":"https:\/\/hedvigagutierrez.sk\/index.php?rest_route=\/wp\/v2\/pages\/2625","targetHints":{"allow":["GET"]}}],"collection":[{"href":"https:\/\/hedvigagutierrez.sk\/index.php?rest_route=\/wp\/v2\/pages"}],"about":[{"href":"https:\/\/hedvigagutierrez.sk\/index.php?rest_route=\/wp\/v2\/types\/page"}],"author":[{"embeddable":true,"href":"https:\/\/hedvigagutierrez.sk\/index.php?rest_route=\/wp\/v2\/users\/1"}],"replies":[{"embeddable":true,"href":"https:\/\/hedvigagutierrez.sk\/index.php?rest_route=%2Fwp%2Fv2%2Fcomments&post=2625"}],"version-history":[{"count":6,"href":"https:\/\/hedvigagutierrez.sk\/index.php?rest_route=\/wp\/v2\/pages\/2625\/revisions"}],"predecessor-version":[{"id":2654,"href":"https:\/\/hedvigagutierrez.sk\/index.php?rest_route=\/wp\/v2\/pages\/2625\/revisions\/2654"}],"wp:attachment":[{"href":"https:\/\/hedvigagutierrez.sk\/index.php?rest_route=%2Fwp%2Fv2%2Fmedia&parent=2625"}],"curies":[{"name":"wp","href":"https:\/\/api.w.org\/{rel}","templated":true}]}}