{"id":2604,"date":"2022-10-02T12:37:17","date_gmt":"2022-10-02T10:37:17","guid":{"rendered":"https:\/\/hedvigagutierrez.sk\/?page_id=2604"},"modified":"2022-10-02T13:13:28","modified_gmt":"2022-10-02T11:13:28","slug":"inovujte-o-106","status":"publish","type":"page","link":"https:\/\/hedvigagutierrez.sk\/?page_id=2604","title":{"rendered":"Inovujte o 106"},"content":{"rendered":"\t\t<div data-elementor-type=\"wp-page\" data-elementor-id=\"2604\" class=\"elementor elementor-2604\">\n\t\t\t\t\t\t<section class=\"elementor-section elementor-top-section elementor-element elementor-element-e1e0156 elementor-section-boxed elementor-section-height-default elementor-section-height-default\" data-id=\"e1e0156\" data-element_type=\"section\" data-e-type=\"section\">\n\t\t\t\t\t\t<div class=\"elementor-container elementor-column-gap-default\">\n\t\t\t\t\t<div class=\"elementor-column elementor-col-100 elementor-top-column elementor-element elementor-element-8855ebf\" data-id=\"8855ebf\" data-element_type=\"column\" data-e-type=\"column\">\n\t\t\t<div class=\"elementor-widget-wrap elementor-element-populated\">\n\t\t\t\t\t\t<div class=\"elementor-element elementor-element-e703971 elementor-widget elementor-widget-heading\" data-id=\"e703971\" data-element_type=\"widget\" data-e-type=\"widget\" data-widget_type=\"heading.default\">\n\t\t\t\t<div class=\"elementor-widget-container\">\n\t\t\t\t\t<h2 class=\"elementor-heading-title elementor-size-default\">Inovujte o 106<\/h2>\t\t\t\t<\/div>\n\t\t\t\t<\/div>\n\t\t\t\t\t<\/div>\n\t\t<\/div>\n\t\t\t\t\t<\/div>\n\t\t<\/section>\n\t\t\t\t<section class=\"elementor-section elementor-top-section elementor-element elementor-element-8b12a0b elementor-section-boxed elementor-section-height-default elementor-section-height-default\" data-id=\"8b12a0b\" data-element_type=\"section\" data-e-type=\"section\">\n\t\t\t\t\t\t<div class=\"elementor-container elementor-column-gap-default\">\n\t\t\t\t\t<div class=\"elementor-column elementor-col-100 elementor-top-column elementor-element elementor-element-0079697\" data-id=\"0079697\" data-element_type=\"column\" data-e-type=\"column\">\n\t\t\t<div class=\"elementor-widget-wrap elementor-element-populated\">\n\t\t\t\t\t\t<div class=\"elementor-element elementor-element-6477b7d elementor-invisible elementor-widget elementor-widget-image\" data-id=\"6477b7d\" data-element_type=\"widget\" data-e-type=\"widget\" data-settings=\"{&quot;_animation&quot;:&quot;fadeIn&quot;}\" data-widget_type=\"image.default\">\n\t\t\t\t<div class=\"elementor-widget-container\">\n\t\t\t\t\t\t\t\t\t\t\t\t\t\t\t<img fetchpriority=\"high\" decoding=\"async\" width=\"1536\" height=\"933\" src=\"https:\/\/hedvigagutierrez.sk\/wp-content\/uploads\/2022\/10\/1-1536x933.jpg\" class=\"attachment-1536x1536 size-1536x1536 wp-image-2606\" alt=\"Inovujte o 106\" srcset=\"https:\/\/hedvigagutierrez.sk\/wp-content\/uploads\/2022\/10\/1-1536x933.jpg 1536w, https:\/\/hedvigagutierrez.sk\/wp-content\/uploads\/2022\/10\/1-300x182.jpg 300w, https:\/\/hedvigagutierrez.sk\/wp-content\/uploads\/2022\/10\/1-1024x622.jpg 1024w, https:\/\/hedvigagutierrez.sk\/wp-content\/uploads\/2022\/10\/1-768x467.jpg 768w, https:\/\/hedvigagutierrez.sk\/wp-content\/uploads\/2022\/10\/1-2048x1244.jpg 2048w, https:\/\/hedvigagutierrez.sk\/wp-content\/uploads\/2022\/10\/1-18x12.jpg 18w\" sizes=\"(max-width: 1536px) 100vw, 1536px\" title=\"Inovujte o 106\" \/>\t\t\t\t\t\t\t\t\t\t\t\t\t\t\t<\/div>\n\t\t\t\t<\/div>\n\t\t\t\t\t<\/div>\n\t\t<\/div>\n\t\t\t\t\t<\/div>\n\t\t<\/section>\n\t\t\t\t<section class=\"elementor-section elementor-top-section elementor-element elementor-element-74ecc47 elementor-section-boxed elementor-section-height-default elementor-section-height-default\" data-id=\"74ecc47\" data-element_type=\"section\" data-e-type=\"section\">\n\t\t\t\t\t\t<div class=\"elementor-container elementor-column-gap-default\">\n\t\t\t\t\t<div class=\"elementor-column elementor-col-100 elementor-top-column elementor-element elementor-element-1fc0728\" data-id=\"1fc0728\" data-element_type=\"column\" data-e-type=\"column\">\n\t\t\t<div class=\"elementor-widget-wrap elementor-element-populated\">\n\t\t\t\t\t\t<div class=\"elementor-element elementor-element-afdad98 elementor-widget elementor-widget-text-editor\" data-id=\"afdad98\" data-element_type=\"widget\" data-e-type=\"widget\" data-widget_type=\"text-editor.default\">\n\t\t\t\t<div class=\"elementor-widget-container\">\n\t\t\t\t\t\t\t\t\t<p>Text: Vladim\u00edr \u0160va\u010d<\/p><p>\u00a0<\/p><p>Povinn\u00e9 \u010d\u00edtanie pre ka\u017ed\u00e9ho inova\u010dn\u00e9ho mana\u017e\u00e9ra a R&amp;D l\u00eddra, ktor\u00e9 v\u00e1m odpovie na ot\u00e1zky ako inovova\u0165 so zanieten\u00edm a nad\u0161en\u00edm&#8230;<\/p><p>Inovujte o 106 so svoj\u00edm sprievodcom svetom inov\u00e1ci\u00ed. Porad\u00ed, ako sa dopracova\u0165 k re\u00e1lnym inov\u00e1ci\u00e1m vo va\u0161om podniku.<\/p><p>Viac inform\u00e1cii o knihe n\u00e1jdete <span style=\"color: #808080;\"><strong><span style=\"text-decoration: underline;\"><a style=\"color: #808080; text-decoration: underline;\" href=\"https:\/\/www.inovujteo106.sk\/\" target=\"_blank\" rel=\"noopener\">TU<\/a><\/span><\/strong><\/span>.<\/p><p>\u00a0<\/p>\t\t\t\t\t\t\t\t<\/div>\n\t\t\t\t<\/div>\n\t\t\t\t\t<\/div>\n\t\t<\/div>\n\t\t\t\t\t<\/div>\n\t\t<\/section>\n\t\t\t\t<section class=\"elementor-section elementor-top-section elementor-element elementor-element-d7ae476 elementor-section-boxed elementor-section-height-default elementor-section-height-default elementor-invisible\" data-id=\"d7ae476\" data-element_type=\"section\" data-e-type=\"section\" data-settings=\"{&quot;animation&quot;:&quot;fadeIn&quot;}\">\n\t\t\t\t\t\t<div class=\"elementor-container elementor-column-gap-default\">\n\t\t\t\t\t<div class=\"elementor-column elementor-col-100 elementor-top-column elementor-element elementor-element-6b4ba1c\" data-id=\"6b4ba1c\" data-element_type=\"column\" data-e-type=\"column\">\n\t\t\t<div class=\"elementor-widget-wrap elementor-element-populated\">\n\t\t\t\t\t\t<div class=\"elementor-element elementor-element-45ccd1f elementor-widget elementor-widget-image-gallery\" data-id=\"45ccd1f\" data-element_type=\"widget\" data-e-type=\"widget\" data-widget_type=\"image-gallery.default\">\n\t\t\t\t<div class=\"elementor-widget-container\">\n\t\t\t\t\t\t\t<div class=\"elementor-image-gallery\">\n\t\t\t<div id='gallery-1' class='gallery galleryid-2604 gallery-columns-3 gallery-size-full'><figure class='gallery-item'>\n\t\t\t<div class='gallery-icon landscape'>\n\t\t\t\t<a  href='https:\/\/hedvigagutierrez.sk\/wp-content\/uploads\/2022\/10\/8.jpg'><img decoding=\"async\" width=\"2480\" height=\"2480\" src=\"https:\/\/hedvigagutierrez.sk\/wp-content\/uploads\/2022\/10\/8.jpg\" class=\"attachment-full size-full\" alt=\"Inovujte o 106\" srcset=\"https:\/\/hedvigagutierrez.sk\/wp-content\/uploads\/2022\/10\/8.jpg 2480w, https:\/\/hedvigagutierrez.sk\/wp-content\/uploads\/2022\/10\/8-300x300.jpg 300w, https:\/\/hedvigagutierrez.sk\/wp-content\/uploads\/2022\/10\/8-1024x1024.jpg 1024w, https:\/\/hedvigagutierrez.sk\/wp-content\/uploads\/2022\/10\/8-150x150.jpg 150w, https:\/\/hedvigagutierrez.sk\/wp-content\/uploads\/2022\/10\/8-768x768.jpg 768w, https:\/\/hedvigagutierrez.sk\/wp-content\/uploads\/2022\/10\/8-1536x1536.jpg 1536w, https:\/\/hedvigagutierrez.sk\/wp-content\/uploads\/2022\/10\/8-2048x2048.jpg 2048w, https:\/\/hedvigagutierrez.sk\/wp-content\/uploads\/2022\/10\/8-12x12.jpg 12w\" sizes=\"(max-width: 2480px) 100vw, 2480px\" title=\"Inovujte o 106\" \/><\/a>\n\t\t\t<\/div><\/figure><figure class='gallery-item'>\n\t\t\t<div class='gallery-icon landscape'>\n\t\t\t\t<a  href='https:\/\/hedvigagutierrez.sk\/wp-content\/uploads\/2022\/10\/5.jpg'><img decoding=\"async\" width=\"2480\" height=\"2480\" src=\"https:\/\/hedvigagutierrez.sk\/wp-content\/uploads\/2022\/10\/5.jpg\" class=\"attachment-full size-full\" alt=\"Inovujte o 106\" srcset=\"https:\/\/hedvigagutierrez.sk\/wp-content\/uploads\/2022\/10\/5.jpg 2480w, https:\/\/hedvigagutierrez.sk\/wp-content\/uploads\/2022\/10\/5-300x300.jpg 300w, https:\/\/hedvigagutierrez.sk\/wp-content\/uploads\/2022\/10\/5-1024x1024.jpg 1024w, https:\/\/hedvigagutierrez.sk\/wp-content\/uploads\/2022\/10\/5-150x150.jpg 150w, https:\/\/hedvigagutierrez.sk\/wp-content\/uploads\/2022\/10\/5-768x768.jpg 768w, https:\/\/hedvigagutierrez.sk\/wp-content\/uploads\/2022\/10\/5-1536x1536.jpg 1536w, https:\/\/hedvigagutierrez.sk\/wp-content\/uploads\/2022\/10\/5-2048x2048.jpg 2048w, https:\/\/hedvigagutierrez.sk\/wp-content\/uploads\/2022\/10\/5-12x12.jpg 12w\" sizes=\"(max-width: 2480px) 100vw, 2480px\" title=\"Inovujte o 106\" \/><\/a>\n\t\t\t<\/div><\/figure><figure class='gallery-item'>\n\t\t\t<div class='gallery-icon landscape'>\n\t\t\t\t<a  href='https:\/\/hedvigagutierrez.sk\/wp-content\/uploads\/2022\/10\/IG9.jpg'><img loading=\"lazy\" decoding=\"async\" width=\"2480\" height=\"2480\" src=\"https:\/\/hedvigagutierrez.sk\/wp-content\/uploads\/2022\/10\/IG9.jpg\" class=\"attachment-full size-full\" alt=\"Inovujte o 106\" srcset=\"https:\/\/hedvigagutierrez.sk\/wp-content\/uploads\/2022\/10\/IG9.jpg 2480w, https:\/\/hedvigagutierrez.sk\/wp-content\/uploads\/2022\/10\/IG9-300x300.jpg 300w, https:\/\/hedvigagutierrez.sk\/wp-content\/uploads\/2022\/10\/IG9-1024x1024.jpg 1024w, https:\/\/hedvigagutierrez.sk\/wp-content\/uploads\/2022\/10\/IG9-150x150.jpg 150w, https:\/\/hedvigagutierrez.sk\/wp-content\/uploads\/2022\/10\/IG9-768x768.jpg 768w, https:\/\/hedvigagutierrez.sk\/wp-content\/uploads\/2022\/10\/IG9-1536x1536.jpg 1536w, https:\/\/hedvigagutierrez.sk\/wp-content\/uploads\/2022\/10\/IG9-2048x2048.jpg 2048w, https:\/\/hedvigagutierrez.sk\/wp-content\/uploads\/2022\/10\/IG9-12x12.jpg 12w\" sizes=\"(max-width: 2480px) 100vw, 2480px\" title=\"Inovujte o 106\" \/><\/a>\n\t\t\t<\/div><\/figure>\n\t\t<\/div>\n\t\t<\/div>\n\t\t\t\t\t\t<\/div>\n\t\t\t\t<\/div>\n\t\t\t\t\t<\/div>\n\t\t<\/div>\n\t\t\t\t\t<\/div>\n\t\t<\/section>\n\t\t\t\t<section class=\"elementor-section elementor-top-section elementor-element elementor-element-734cfe7 elementor-section-boxed elementor-section-height-default elementor-section-height-default elementor-invisible\" data-id=\"734cfe7\" data-element_type=\"section\" data-e-type=\"section\" data-settings=\"{&quot;animation&quot;:&quot;fadeIn&quot;}\">\n\t\t\t\t\t\t<div class=\"elementor-container elementor-column-gap-default\">\n\t\t\t\t\t<div class=\"elementor-column elementor-col-100 elementor-top-column elementor-element elementor-element-9a64ad6\" data-id=\"9a64ad6\" data-element_type=\"column\" data-e-type=\"column\">\n\t\t\t<div class=\"elementor-widget-wrap elementor-element-populated\">\n\t\t\t\t\t\t<div class=\"elementor-element elementor-element-c82e1c4 elementor-widget elementor-widget-image-gallery\" data-id=\"c82e1c4\" data-element_type=\"widget\" data-e-type=\"widget\" data-widget_type=\"image-gallery.default\">\n\t\t\t\t<div class=\"elementor-widget-container\">\n\t\t\t\t\t\t\t<div class=\"elementor-image-gallery\">\n\t\t\t<div id='gallery-2' class='gallery galleryid-2604 gallery-columns-1 gallery-size-full'><figure class='gallery-item'>\n\t\t\t<div class='gallery-icon landscape'>\n\t\t\t\t<a  href='https:\/\/hedvigagutierrez.sk\/wp-content\/uploads\/2022\/10\/2-scaled.jpg'><img loading=\"lazy\" decoding=\"async\" width=\"2560\" height=\"1281\" src=\"https:\/\/hedvigagutierrez.sk\/wp-content\/uploads\/2022\/10\/2-scaled.jpg\" class=\"attachment-full size-full\" alt=\"Inovujte o 106\" srcset=\"https:\/\/hedvigagutierrez.sk\/wp-content\/uploads\/2022\/10\/2-scaled.jpg 2560w, https:\/\/hedvigagutierrez.sk\/wp-content\/uploads\/2022\/10\/2-300x150.jpg 300w, https:\/\/hedvigagutierrez.sk\/wp-content\/uploads\/2022\/10\/2-1024x512.jpg 1024w, https:\/\/hedvigagutierrez.sk\/wp-content\/uploads\/2022\/10\/2-768x384.jpg 768w, https:\/\/hedvigagutierrez.sk\/wp-content\/uploads\/2022\/10\/2-1536x768.jpg 1536w, https:\/\/hedvigagutierrez.sk\/wp-content\/uploads\/2022\/10\/2-2048x1024.jpg 2048w, https:\/\/hedvigagutierrez.sk\/wp-content\/uploads\/2022\/10\/2-18x9.jpg 18w\" sizes=\"(max-width: 2560px) 100vw, 2560px\" title=\"Inovujte o 106\" \/><\/a>\n\t\t\t<\/div><\/figure><figure class='gallery-item'>\n\t\t\t<div class='gallery-icon landscape'>\n\t\t\t\t<a  href='https:\/\/hedvigagutierrez.sk\/wp-content\/uploads\/2022\/10\/3-scaled.jpg'><img loading=\"lazy\" decoding=\"async\" width=\"2560\" height=\"1201\" src=\"https:\/\/hedvigagutierrez.sk\/wp-content\/uploads\/2022\/10\/3-scaled.jpg\" class=\"attachment-full size-full\" alt=\"Inovujte o 106\" srcset=\"https:\/\/hedvigagutierrez.sk\/wp-content\/uploads\/2022\/10\/3-scaled.jpg 2560w, https:\/\/hedvigagutierrez.sk\/wp-content\/uploads\/2022\/10\/3-300x141.jpg 300w, https:\/\/hedvigagutierrez.sk\/wp-content\/uploads\/2022\/10\/3-1024x480.jpg 1024w, https:\/\/hedvigagutierrez.sk\/wp-content\/uploads\/2022\/10\/3-768x360.jpg 768w, https:\/\/hedvigagutierrez.sk\/wp-content\/uploads\/2022\/10\/3-1536x720.jpg 1536w, https:\/\/hedvigagutierrez.sk\/wp-content\/uploads\/2022\/10\/3-2048x960.jpg 2048w, https:\/\/hedvigagutierrez.sk\/wp-content\/uploads\/2022\/10\/3-18x8.jpg 18w\" sizes=\"(max-width: 2560px) 100vw, 2560px\" title=\"Inovujte o 106\" \/><\/a>\n\t\t\t<\/div><\/figure><figure class='gallery-item'>\n\t\t\t<div class='gallery-icon landscape'>\n\t\t\t\t<a  href='https:\/\/hedvigagutierrez.sk\/wp-content\/uploads\/2022\/10\/4-scaled.jpg'><img loading=\"lazy\" decoding=\"async\" width=\"2560\" height=\"1281\" src=\"https:\/\/hedvigagutierrez.sk\/wp-content\/uploads\/2022\/10\/4-scaled.jpg\" class=\"attachment-full size-full\" alt=\"Inovujte o 106\" srcset=\"https:\/\/hedvigagutierrez.sk\/wp-content\/uploads\/2022\/10\/4-scaled.jpg 2560w, https:\/\/hedvigagutierrez.sk\/wp-content\/uploads\/2022\/10\/4-300x150.jpg 300w, https:\/\/hedvigagutierrez.sk\/wp-content\/uploads\/2022\/10\/4-1024x512.jpg 1024w, https:\/\/hedvigagutierrez.sk\/wp-content\/uploads\/2022\/10\/4-768x384.jpg 768w, https:\/\/hedvigagutierrez.sk\/wp-content\/uploads\/2022\/10\/4-1536x769.jpg 1536w, https:\/\/hedvigagutierrez.sk\/wp-content\/uploads\/2022\/10\/4-2048x1025.jpg 2048w, https:\/\/hedvigagutierrez.sk\/wp-content\/uploads\/2022\/10\/4-18x9.jpg 18w\" sizes=\"(max-width: 2560px) 100vw, 2560px\" title=\"Inovujte o 106\" \/><\/a>\n\t\t\t<\/div><\/figure>\n\t\t<\/div>\n\t\t<\/div>\n\t\t\t\t\t\t<\/div>\n\t\t\t\t<\/div>\n\t\t\t\t\t<\/div>\n\t\t<\/div>\n\t\t\t\t\t<\/div>\n\t\t<\/section>\n\t\t\t\t<\/div>\n\t\t","protected":false},"excerpt":{"rendered":"<p>Inovujte o 106 Text: Vladim\u00edr \u0160va\u010d \u00a0 Povinn\u00e9 \u010d\u00edtanie pre ka\u017ed\u00e9ho inova\u010dn\u00e9ho mana\u017e\u00e9ra a R&amp;D l\u00eddra, ktor\u00e9 v\u00e1m odpovie na ot\u00e1zky ako inovova\u0165 so zanieten\u00edm a nad\u0161en\u00edm&#8230; Inovujte o 106 so svoj\u00edm sprievodcom svetom inov\u00e1ci\u00ed. Porad\u00ed, ako sa dopracova\u0165 k re\u00e1lnym inov\u00e1ci\u00e1m vo va\u0161om podniku. Viac inform\u00e1cii o knihe n\u00e1jdete TU. \u00a0<\/p>\n","protected":false},"author":1,"featured_media":0,"parent":0,"menu_order":0,"comment_status":"closed","ping_status":"closed","template":"","meta":{"site-sidebar-layout":"no-sidebar","site-content-layout":"page-builder","ast-site-content-layout":"default","site-content-style":"default","site-sidebar-style":"default","ast-global-header-display":"","ast-banner-title-visibility":"","ast-main-header-display":"","ast-hfb-above-header-display":"","ast-hfb-below-header-display":"","ast-hfb-mobile-header-display":"","site-post-title":"disabled","ast-breadcrumbs-content":"","ast-featured-img":"disabled","footer-sml-layout":"","theme-transparent-header-meta":"default","adv-header-id-meta":"","stick-header-meta":"","header-above-stick-meta":"","header-main-stick-meta":"","header-below-stick-meta":"","astra-migrate-meta-layouts":"default","ast-page-background-enabled":"default","ast-page-background-meta":{"desktop":{"background-color":"","background-image":"","background-repeat":"repeat","background-position":"center center","background-size":"auto","background-attachment":"scroll","background-type":"","background-media":"","overlay-type":"","overlay-color":"","overlay-opacity":"","overlay-gradient":""},"tablet":{"background-color":"","background-image":"","background-repeat":"repeat","background-position":"center center","background-size":"auto","background-attachment":"scroll","background-type":"","background-media":"","overlay-type":"","overlay-color":"","overlay-opacity":"","overlay-gradient":""},"mobile":{"background-color":"","background-image":"","background-repeat":"repeat","background-position":"center center","background-size":"auto","background-attachment":"scroll","background-type":"","background-media":"","overlay-type":"","overlay-color":"","overlay-opacity":"","overlay-gradient":""}},"ast-content-background-meta":{"desktop":{"background-color":"var(--ast-global-color-5)","background-image":"","background-repeat":"repeat","background-position":"center center","background-size":"auto","background-attachment":"scroll","background-type":"","background-media":"","overlay-type":"","overlay-color":"","overlay-opacity":"","overlay-gradient":""},"tablet":{"background-color":"var(--ast-global-color-5)","background-image":"","background-repeat":"repeat","background-position":"center center","background-size":"auto","background-attachment":"scroll","background-type":"","background-media":"","overlay-type":"","overlay-color":"","overlay-opacity":"","overlay-gradient":""},"mobile":{"background-color":"var(--ast-global-color-5)","background-image":"","background-repeat":"repeat","background-position":"center center","background-size":"auto","background-attachment":"scroll","background-type":"","background-media":"","overlay-type":"","overlay-color":"","overlay-opacity":"","overlay-gradient":""}},"footnotes":""},"class_list":["post-2604","page","type-page","status-publish","hentry"],"aioseo_notices":[],"_links":{"self":[{"href":"https:\/\/hedvigagutierrez.sk\/index.php?rest_route=\/wp\/v2\/pages\/2604","targetHints":{"allow":["GET"]}}],"collection":[{"href":"https:\/\/hedvigagutierrez.sk\/index.php?rest_route=\/wp\/v2\/pages"}],"about":[{"href":"https:\/\/hedvigagutierrez.sk\/index.php?rest_route=\/wp\/v2\/types\/page"}],"author":[{"embeddable":true,"href":"https:\/\/hedvigagutierrez.sk\/index.php?rest_route=\/wp\/v2\/users\/1"}],"replies":[{"embeddable":true,"href":"https:\/\/hedvigagutierrez.sk\/index.php?rest_route=%2Fwp%2Fv2%2Fcomments&post=2604"}],"version-history":[{"count":6,"href":"https:\/\/hedvigagutierrez.sk\/index.php?rest_route=\/wp\/v2\/pages\/2604\/revisions"}],"predecessor-version":[{"id":2664,"href":"https:\/\/hedvigagutierrez.sk\/index.php?rest_route=\/wp\/v2\/pages\/2604\/revisions\/2664"}],"wp:attachment":[{"href":"https:\/\/hedvigagutierrez.sk\/index.php?rest_route=%2Fwp%2Fv2%2Fmedia&parent=2604"}],"curies":[{"name":"wp","href":"https:\/\/api.w.org\/{rel}","templated":true}]}}