{"id":2495,"date":"2022-09-30T18:54:28","date_gmt":"2022-09-30T16:54:28","guid":{"rendered":"https:\/\/hedvigagutierrez.sk\/?page_id=2495"},"modified":"2024-05-13T18:02:22","modified_gmt":"2024-05-13T16:02:22","slug":"ako-sa-mas-izabela","status":"publish","type":"page","link":"https:\/\/hedvigagutierrez.sk\/?page_id=2495","title":{"rendered":"Ako sa m\u00e1\u0161 Izabela?"},"content":{"rendered":"\t\t<div data-elementor-type=\"wp-page\" data-elementor-id=\"2495\" class=\"elementor elementor-2495\">\n\t\t\t\t\t\t<section class=\"elementor-section elementor-top-section elementor-element elementor-element-8f7ebbd elementor-section-boxed elementor-section-height-default elementor-section-height-default\" data-id=\"8f7ebbd\" data-element_type=\"section\" data-e-type=\"section\">\n\t\t\t\t\t\t<div class=\"elementor-container elementor-column-gap-default\">\n\t\t\t\t\t<div class=\"elementor-column elementor-col-100 elementor-top-column elementor-element elementor-element-518d305\" data-id=\"518d305\" data-element_type=\"column\" data-e-type=\"column\">\n\t\t\t<div class=\"elementor-widget-wrap elementor-element-populated\">\n\t\t\t\t\t\t<div class=\"elementor-element elementor-element-80d188b elementor-widget elementor-widget-heading\" data-id=\"80d188b\" data-element_type=\"widget\" data-e-type=\"widget\" data-widget_type=\"heading.default\">\n\t\t\t\t<div class=\"elementor-widget-container\">\n\t\t\t\t\t<h2 class=\"elementor-heading-title elementor-size-default\">Ako sa m\u00e1\u0161, Izabela?<\/h2>\t\t\t\t<\/div>\n\t\t\t\t<\/div>\n\t\t\t\t\t<\/div>\n\t\t<\/div>\n\t\t\t\t\t<\/div>\n\t\t<\/section>\n\t\t\t\t<section class=\"elementor-section elementor-top-section elementor-element elementor-element-423984f elementor-section-boxed elementor-section-height-default elementor-section-height-default\" data-id=\"423984f\" data-element_type=\"section\" data-e-type=\"section\">\n\t\t\t\t\t\t<div class=\"elementor-container elementor-column-gap-default\">\n\t\t\t\t\t<div class=\"elementor-column elementor-col-100 elementor-top-column elementor-element elementor-element-7c5b810\" data-id=\"7c5b810\" data-element_type=\"column\" data-e-type=\"column\">\n\t\t\t<div class=\"elementor-widget-wrap elementor-element-populated\">\n\t\t\t\t\t\t<div class=\"elementor-element elementor-element-de5e77c elementor-widget__width-initial elementor-widget elementor-widget-text-editor\" data-id=\"de5e77c\" data-element_type=\"widget\" data-e-type=\"widget\" data-widget_type=\"text-editor.default\">\n\t\t\t\t<div class=\"elementor-widget-container\">\n\t\t\t\t\t\t\t\t\t<p><span style=\"color: #000000;\"><strong>Text:<\/strong> Diana Ma\u0161lajov\u00e1<\/span><\/p><p><span style=\"color: #000000;\"><strong>Publisher:<\/strong> Artfabrique, 2022<\/span><\/p>\t\t\t\t\t\t\t\t<\/div>\n\t\t\t\t<\/div>\n\t\t\t\t\t<\/div>\n\t\t<\/div>\n\t\t\t\t\t<\/div>\n\t\t<\/section>\n\t\t\t\t<section class=\"elementor-section elementor-top-section elementor-element elementor-element-7714aa4 elementor-section-boxed elementor-section-height-default elementor-section-height-default elementor-invisible\" data-id=\"7714aa4\" data-element_type=\"section\" data-e-type=\"section\" data-settings=\"{&quot;animation&quot;:&quot;fadeIn&quot;}\">\n\t\t\t\t\t\t<div class=\"elementor-container elementor-column-gap-default\">\n\t\t\t\t\t<div class=\"elementor-column elementor-col-100 elementor-top-column elementor-element elementor-element-49731d6\" data-id=\"49731d6\" data-element_type=\"column\" data-e-type=\"column\">\n\t\t\t<div class=\"elementor-widget-wrap elementor-element-populated\">\n\t\t\t\t\t\t<div class=\"elementor-element elementor-element-dfa101c gallery-spacing-custom elementor-invisible elementor-widget elementor-widget-image-gallery\" data-id=\"dfa101c\" data-element_type=\"widget\" data-e-type=\"widget\" data-settings=\"{&quot;_animation&quot;:&quot;fadeIn&quot;}\" data-widget_type=\"image-gallery.default\">\n\t\t\t\t<div class=\"elementor-widget-container\">\n\t\t\t\t\t\t\t<div class=\"elementor-image-gallery\">\n\t\t\t<div id='gallery-18' class='gallery galleryid-2495 gallery-columns-2 gallery-size-full'><figure class='gallery-item'>\n\t\t\t<div class='gallery-icon portrait'>\n\t\t\t\t<a  href='https:\/\/hedvigagutierrez.sk\/wp-content\/uploads\/2022\/09\/7_SIEDMA_ILUSTRACIA_NAVYSE.jpg'><img fetchpriority=\"high\" decoding=\"async\" width=\"1654\" height=\"2421\" src=\"https:\/\/hedvigagutierrez.sk\/wp-content\/uploads\/2022\/09\/7_SIEDMA_ILUSTRACIA_NAVYSE.jpg\" class=\"attachment-full size-full\" alt=\"Ako sa m\u00e1\u0161 Izabela?\" srcset=\"https:\/\/hedvigagutierrez.sk\/wp-content\/uploads\/2022\/09\/7_SIEDMA_ILUSTRACIA_NAVYSE.jpg 1654w, https:\/\/hedvigagutierrez.sk\/wp-content\/uploads\/2022\/09\/7_SIEDMA_ILUSTRACIA_NAVYSE-205x300.jpg 205w, https:\/\/hedvigagutierrez.sk\/wp-content\/uploads\/2022\/09\/7_SIEDMA_ILUSTRACIA_NAVYSE-700x1024.jpg 700w, https:\/\/hedvigagutierrez.sk\/wp-content\/uploads\/2022\/09\/7_SIEDMA_ILUSTRACIA_NAVYSE-768x1124.jpg 768w, https:\/\/hedvigagutierrez.sk\/wp-content\/uploads\/2022\/09\/7_SIEDMA_ILUSTRACIA_NAVYSE-1049x1536.jpg 1049w, https:\/\/hedvigagutierrez.sk\/wp-content\/uploads\/2022\/09\/7_SIEDMA_ILUSTRACIA_NAVYSE-1399x2048.jpg 1399w, https:\/\/hedvigagutierrez.sk\/wp-content\/uploads\/2022\/09\/7_SIEDMA_ILUSTRACIA_NAVYSE-8x12.jpg 8w\" sizes=\"(max-width: 1654px) 100vw, 1654px\" title=\"Ako sa m\u00e1\u0161 Izabela?\" \/><\/a>\n\t\t\t<\/div><\/figure><figure class='gallery-item'>\n\t\t\t<div class='gallery-icon portrait'>\n\t\t\t\t<a  href='https:\/\/hedvigagutierrez.sk\/wp-content\/uploads\/2022\/09\/6_SIESTA_ILUSTRACIA.jpg'><img decoding=\"async\" width=\"1654\" height=\"2421\" src=\"https:\/\/hedvigagutierrez.sk\/wp-content\/uploads\/2022\/09\/6_SIESTA_ILUSTRACIA.jpg\" class=\"attachment-full size-full\" alt=\"Ako sa m\u00e1\u0161 Izabela?\" srcset=\"https:\/\/hedvigagutierrez.sk\/wp-content\/uploads\/2022\/09\/6_SIESTA_ILUSTRACIA.jpg 1654w, https:\/\/hedvigagutierrez.sk\/wp-content\/uploads\/2022\/09\/6_SIESTA_ILUSTRACIA-205x300.jpg 205w, https:\/\/hedvigagutierrez.sk\/wp-content\/uploads\/2022\/09\/6_SIESTA_ILUSTRACIA-700x1024.jpg 700w, https:\/\/hedvigagutierrez.sk\/wp-content\/uploads\/2022\/09\/6_SIESTA_ILUSTRACIA-768x1124.jpg 768w, https:\/\/hedvigagutierrez.sk\/wp-content\/uploads\/2022\/09\/6_SIESTA_ILUSTRACIA-1049x1536.jpg 1049w, https:\/\/hedvigagutierrez.sk\/wp-content\/uploads\/2022\/09\/6_SIESTA_ILUSTRACIA-1399x2048.jpg 1399w, https:\/\/hedvigagutierrez.sk\/wp-content\/uploads\/2022\/09\/6_SIESTA_ILUSTRACIA-8x12.jpg 8w\" sizes=\"(max-width: 1654px) 100vw, 1654px\" title=\"Ako sa m\u00e1\u0161 Izabela?\" \/><\/a>\n\t\t\t<\/div><\/figure><figure class='gallery-item'>\n\t\t\t<div class='gallery-icon portrait'>\n\t\t\t\t<a  href='https:\/\/hedvigagutierrez.sk\/wp-content\/uploads\/2022\/09\/5_PIATA_ILUSTRACIA.jpg'><img decoding=\"async\" width=\"1654\" height=\"2421\" src=\"https:\/\/hedvigagutierrez.sk\/wp-content\/uploads\/2022\/09\/5_PIATA_ILUSTRACIA.jpg\" class=\"attachment-full size-full\" alt=\"Ako sa m\u00e1\u0161 Izabela?\" srcset=\"https:\/\/hedvigagutierrez.sk\/wp-content\/uploads\/2022\/09\/5_PIATA_ILUSTRACIA.jpg 1654w, https:\/\/hedvigagutierrez.sk\/wp-content\/uploads\/2022\/09\/5_PIATA_ILUSTRACIA-205x300.jpg 205w, https:\/\/hedvigagutierrez.sk\/wp-content\/uploads\/2022\/09\/5_PIATA_ILUSTRACIA-700x1024.jpg 700w, https:\/\/hedvigagutierrez.sk\/wp-content\/uploads\/2022\/09\/5_PIATA_ILUSTRACIA-768x1124.jpg 768w, https:\/\/hedvigagutierrez.sk\/wp-content\/uploads\/2022\/09\/5_PIATA_ILUSTRACIA-1049x1536.jpg 1049w, https:\/\/hedvigagutierrez.sk\/wp-content\/uploads\/2022\/09\/5_PIATA_ILUSTRACIA-1399x2048.jpg 1399w, https:\/\/hedvigagutierrez.sk\/wp-content\/uploads\/2022\/09\/5_PIATA_ILUSTRACIA-8x12.jpg 8w\" sizes=\"(max-width: 1654px) 100vw, 1654px\" title=\"Ako sa m\u00e1\u0161 Izabela?\" \/><\/a>\n\t\t\t<\/div><\/figure><figure class='gallery-item'>\n\t\t\t<div class='gallery-icon portrait'>\n\t\t\t\t<a  href='https:\/\/hedvigagutierrez.sk\/wp-content\/uploads\/2022\/09\/A.jpg'><img loading=\"lazy\" decoding=\"async\" width=\"1542\" height=\"2303\" src=\"https:\/\/hedvigagutierrez.sk\/wp-content\/uploads\/2022\/09\/A.jpg\" class=\"attachment-full size-full\" alt=\"Ako sa m\u00e1\u0161 Izabela?\" srcset=\"https:\/\/hedvigagutierrez.sk\/wp-content\/uploads\/2022\/09\/A.jpg 1542w, https:\/\/hedvigagutierrez.sk\/wp-content\/uploads\/2022\/09\/A-201x300.jpg 201w, https:\/\/hedvigagutierrez.sk\/wp-content\/uploads\/2022\/09\/A-686x1024.jpg 686w, https:\/\/hedvigagutierrez.sk\/wp-content\/uploads\/2022\/09\/A-768x1147.jpg 768w, https:\/\/hedvigagutierrez.sk\/wp-content\/uploads\/2022\/09\/A-1028x1536.jpg 1028w, https:\/\/hedvigagutierrez.sk\/wp-content\/uploads\/2022\/09\/A-1371x2048.jpg 1371w, https:\/\/hedvigagutierrez.sk\/wp-content\/uploads\/2022\/09\/A-8x12.jpg 8w\" sizes=\"(max-width: 1542px) 100vw, 1542px\" title=\"Ako sa m\u00e1\u0161 Izabela?\" \/><\/a>\n\t\t\t<\/div><\/figure>\n\t\t<\/div>\n\t\t<\/div>\n\t\t\t\t\t\t<\/div>\n\t\t\t\t<\/div>\n\t\t\t\t\t<\/div>\n\t\t<\/div>\n\t\t\t\t\t<\/div>\n\t\t<\/section>\n\t\t\t\t<section class=\"elementor-section elementor-top-section elementor-element elementor-element-1a3ed94 elementor-section-boxed elementor-section-height-default elementor-section-height-default\" data-id=\"1a3ed94\" data-element_type=\"section\" data-e-type=\"section\">\n\t\t\t\t\t\t<div class=\"elementor-container elementor-column-gap-default\">\n\t\t\t\t\t<div class=\"elementor-column elementor-col-100 elementor-top-column elementor-element elementor-element-e57a804\" data-id=\"e57a804\" data-element_type=\"column\" data-e-type=\"column\">\n\t\t\t<div class=\"elementor-widget-wrap elementor-element-populated\">\n\t\t\t\t\t\t<div class=\"elementor-element elementor-element-ee71762 elementor-invisible elementor-widget elementor-widget-video\" data-id=\"ee71762\" data-element_type=\"widget\" data-e-type=\"widget\" data-settings=\"{&quot;video_type&quot;:&quot;hosted&quot;,&quot;_animation&quot;:&quot;fadeIn&quot;,&quot;controls&quot;:&quot;yes&quot;}\" data-widget_type=\"video.default\">\n\t\t\t\t<div class=\"elementor-widget-container\">\n\t\t\t\t\t\t\t<div class=\"e-hosted-video elementor-wrapper elementor-open-inline\">\n\t\t\t\t\t<video class=\"elementor-video\" src=\"https:\/\/hedvigagutierrez.sk\/wp-content\/uploads\/2022\/09\/3437509023.mp4\" controls=\"\" preload=\"metadata\" controlsList=\"nodownload\"><\/video>\n\t\t\t\t<\/div>\n\t\t\t\t\t\t<\/div>\n\t\t\t\t<\/div>\n\t\t\t\t\t<\/div>\n\t\t<\/div>\n\t\t\t\t\t<\/div>\n\t\t<\/section>\n\t\t\t\t<\/div>\n\t\t","protected":false},"excerpt":{"rendered":"<p>Ako sa m\u00e1\u0161, Izabela? Text: Diana Ma\u0161lajov\u00e1 Publisher: Artfabrique, 2022 https:\/\/hedvigagutierrez.sk\/wp-content\/uploads\/2022\/09\/3437509023.mp4<\/p>\n","protected":false},"author":1,"featured_media":0,"parent":0,"menu_order":0,"comment_status":"closed","ping_status":"closed","template":"","meta":{"site-sidebar-layout":"no-sidebar","site-content-layout":"page-builder","ast-site-content-layout":"default","site-content-style":"default","site-sidebar-style":"default","ast-global-header-display":"","ast-banner-title-visibility":"","ast-main-header-display":"","ast-hfb-above-header-display":"","ast-hfb-below-header-display":"","ast-hfb-mobile-header-display":"","site-post-title":"disabled","ast-breadcrumbs-content":"","ast-featured-img":"disabled","footer-sml-layout":"","theme-transparent-header-meta":"default","adv-header-id-meta":"","stick-header-meta":"","header-above-stick-meta":"","header-main-stick-meta":"","header-below-stick-meta":"","astra-migrate-meta-layouts":"default","ast-page-background-enabled":"default","ast-page-background-meta":{"desktop":{"background-color":"","background-image":"","background-repeat":"repeat","background-position":"center center","background-size":"auto","background-attachment":"scroll","background-type":"","background-media":"","overlay-type":"","overlay-color":"","overlay-opacity":"","overlay-gradient":""},"tablet":{"background-color":"","background-image":"","background-repeat":"repeat","background-position":"center center","background-size":"auto","background-attachment":"scroll","background-type":"","background-media":"","overlay-type":"","overlay-color":"","overlay-opacity":"","overlay-gradient":""},"mobile":{"background-color":"","background-image":"","background-repeat":"repeat","background-position":"center center","background-size":"auto","background-attachment":"scroll","background-type":"","background-media":"","overlay-type":"","overlay-color":"","overlay-opacity":"","overlay-gradient":""}},"ast-content-background-meta":{"desktop":{"background-color":"var(--ast-global-color-5)","background-image":"","background-repeat":"repeat","background-position":"center center","background-size":"auto","background-attachment":"scroll","background-type":"","background-media":"","overlay-type":"","overlay-color":"","overlay-opacity":"","overlay-gradient":""},"tablet":{"background-color":"var(--ast-global-color-5)","background-image":"","background-repeat":"repeat","background-position":"center center","background-size":"auto","background-attachment":"scroll","background-type":"","background-media":"","overlay-type":"","overlay-color":"","overlay-opacity":"","overlay-gradient":""},"mobile":{"background-color":"var(--ast-global-color-5)","background-image":"","background-repeat":"repeat","background-position":"center center","background-size":"auto","background-attachment":"scroll","background-type":"","background-media":"","overlay-type":"","overlay-color":"","overlay-opacity":"","overlay-gradient":""}},"footnotes":""},"class_list":["post-2495","page","type-page","status-publish","hentry"],"aioseo_notices":[],"_links":{"self":[{"href":"https:\/\/hedvigagutierrez.sk\/index.php?rest_route=\/wp\/v2\/pages\/2495","targetHints":{"allow":["GET"]}}],"collection":[{"href":"https:\/\/hedvigagutierrez.sk\/index.php?rest_route=\/wp\/v2\/pages"}],"about":[{"href":"https:\/\/hedvigagutierrez.sk\/index.php?rest_route=\/wp\/v2\/types\/page"}],"author":[{"embeddable":true,"href":"https:\/\/hedvigagutierrez.sk\/index.php?rest_route=\/wp\/v2\/users\/1"}],"replies":[{"embeddable":true,"href":"https:\/\/hedvigagutierrez.sk\/index.php?rest_route=%2Fwp%2Fv2%2Fcomments&post=2495"}],"version-history":[{"count":6,"href":"https:\/\/hedvigagutierrez.sk\/index.php?rest_route=\/wp\/v2\/pages\/2495\/revisions"}],"predecessor-version":[{"id":3194,"href":"https:\/\/hedvigagutierrez.sk\/index.php?rest_route=\/wp\/v2\/pages\/2495\/revisions\/3194"}],"wp:attachment":[{"href":"https:\/\/hedvigagutierrez.sk\/index.php?rest_route=%2Fwp%2Fv2%2Fmedia&parent=2495"}],"curies":[{"name":"wp","href":"https:\/\/api.w.org\/{rel}","templated":true}]}}