{"id":1827,"date":"2021-05-04T21:33:27","date_gmt":"2021-05-04T19:33:27","guid":{"rendered":"https:\/\/hedvigagutierrez.sk\/?page_id=1827"},"modified":"2021-05-22T23:36:46","modified_gmt":"2021-05-22T21:36:46","slug":"galeria-cin-cin-2","status":"publish","type":"page","link":"https:\/\/hedvigagutierrez.sk\/?page_id=1827","title":{"rendered":"T\u00e1bor\u00e1k &#8217;21\u200b"},"content":{"rendered":"\t\t<div data-elementor-type=\"wp-page\" data-elementor-id=\"1827\" class=\"elementor elementor-1827\">\n\t\t\t\t\t\t<section class=\"elementor-section elementor-top-section elementor-element elementor-element-0027f98 elementor-section-boxed elementor-section-height-default elementor-section-height-default\" data-id=\"0027f98\" data-element_type=\"section\" data-e-type=\"section\">\n\t\t\t\t\t\t<div class=\"elementor-container elementor-column-gap-default\">\n\t\t\t\t\t<div class=\"elementor-column elementor-col-100 elementor-top-column elementor-element elementor-element-1733170\" data-id=\"1733170\" data-element_type=\"column\" data-e-type=\"column\">\n\t\t\t<div class=\"elementor-widget-wrap elementor-element-populated\">\n\t\t\t\t\t\t<div class=\"elementor-element elementor-element-d3e3e98 elementor-widget elementor-widget-heading\" data-id=\"d3e3e98\" data-element_type=\"widget\" data-e-type=\"widget\" data-widget_type=\"heading.default\">\n\t\t\t\t<div class=\"elementor-widget-container\">\n\t\t\t\t\t<h2 class=\"elementor-heading-title elementor-size-default\">T\u00e1bor\u00e1k '21<\/h2>\t\t\t\t<\/div>\n\t\t\t\t<\/div>\n\t\t\t\t\t<\/div>\n\t\t<\/div>\n\t\t\t\t\t<\/div>\n\t\t<\/section>\n\t\t\t\t<section class=\"elementor-section elementor-top-section elementor-element elementor-element-f6b18f6 elementor-section-boxed elementor-section-height-default elementor-section-height-default\" data-id=\"f6b18f6\" data-element_type=\"section\" data-e-type=\"section\">\n\t\t\t\t\t\t<div class=\"elementor-container elementor-column-gap-default\">\n\t\t\t\t\t<div class=\"elementor-column elementor-col-100 elementor-top-column elementor-element elementor-element-d84f337\" data-id=\"d84f337\" data-element_type=\"column\" data-e-type=\"column\">\n\t\t\t<div class=\"elementor-widget-wrap elementor-element-populated\">\n\t\t\t\t\t\t<div class=\"elementor-element elementor-element-56e052f elementor-invisible elementor-widget elementor-widget-image\" data-id=\"56e052f\" data-element_type=\"widget\" data-e-type=\"widget\" data-settings=\"{&quot;_animation&quot;:&quot;fadeIn&quot;}\" data-widget_type=\"image.default\">\n\t\t\t\t<div class=\"elementor-widget-container\">\n\t\t\t\t\t\t\t\t\t\t\t\t\t\t\t<img fetchpriority=\"high\" decoding=\"async\" width=\"2250\" height=\"1367\" src=\"https:\/\/hedvigagutierrez.sk\/wp-content\/uploads\/2021\/05\/cover2.jpg\" class=\"attachment-full size-full wp-image-1826\" alt=\"Grafiky\" srcset=\"https:\/\/hedvigagutierrez.sk\/wp-content\/uploads\/2021\/05\/cover2.jpg 2250w, https:\/\/hedvigagutierrez.sk\/wp-content\/uploads\/2021\/05\/cover2-300x182.jpg 300w, https:\/\/hedvigagutierrez.sk\/wp-content\/uploads\/2021\/05\/cover2-1024x622.jpg 1024w, https:\/\/hedvigagutierrez.sk\/wp-content\/uploads\/2021\/05\/cover2-768x467.jpg 768w, https:\/\/hedvigagutierrez.sk\/wp-content\/uploads\/2021\/05\/cover2-1536x933.jpg 1536w, https:\/\/hedvigagutierrez.sk\/wp-content\/uploads\/2021\/05\/cover2-2048x1244.jpg 2048w\" sizes=\"(max-width: 2250px) 100vw, 2250px\" title=\"Grafiky\" \/>\t\t\t\t\t\t\t\t\t\t\t\t\t\t\t<\/div>\n\t\t\t\t<\/div>\n\t\t\t\t\t<\/div>\n\t\t<\/div>\n\t\t\t\t\t<\/div>\n\t\t<\/section>\n\t\t\t\t<section class=\"elementor-section elementor-top-section elementor-element elementor-element-3a068c1 elementor-section-boxed elementor-section-height-default elementor-section-height-default\" data-id=\"3a068c1\" data-element_type=\"section\" data-e-type=\"section\">\n\t\t\t\t\t\t<div class=\"elementor-container elementor-column-gap-default\">\n\t\t\t\t\t<div class=\"elementor-column elementor-col-100 elementor-top-column elementor-element elementor-element-8b57a56\" data-id=\"8b57a56\" data-element_type=\"column\" data-e-type=\"column\">\n\t\t\t<div class=\"elementor-widget-wrap elementor-element-populated\">\n\t\t\t\t\t\t<div class=\"elementor-element elementor-element-0836397 elementor-widget elementor-widget-text-editor\" data-id=\"0836397\" data-element_type=\"widget\" data-e-type=\"widget\" data-widget_type=\"text-editor.default\">\n\t\t\t\t<div class=\"elementor-widget-container\">\n\t\t\t\t\t\t\t\t\t<section class=\"elementor-section elementor-top-section elementor-element elementor-element-2d94bec elementor-section-boxed elementor-section-height-default elementor-section-height-default\" data-id=\"2d94bec\" data-element_type=\"section\"><div class=\"elementor-container elementor-column-gap-default\"><div class=\"elementor-column elementor-col-100 elementor-top-column elementor-element elementor-element-c657960\" data-id=\"c657960\" data-element_type=\"column\"><div class=\"elementor-widget-wrap elementor-element-populated\"><div class=\"elementor-element elementor-element-24970f9 elementor-widget elementor-widget-text-editor\" data-id=\"24970f9\" data-element_type=\"widget\" data-widget_type=\"text-editor.default\"><div class=\"elementor-widget-container\"><p>Dvojfarebn\u00e1 risografia z dielne Risoto-Akcia Korona 2021.<\/p><\/div><p>Grafiku si m\u00f4\u017eete zak\u00fapi\u0165 <span style=\"color: #000000;\"><a style=\"color: #000000;\" href=\"https:\/\/risoto.shop\/produkt\/taborak-21\" target=\"_blank\" rel=\"noopener\"><strong>TU<\/strong><\/a><\/span>.<\/p><\/div><\/div><\/div><\/div><\/section>\t\t\t\t\t\t\t\t<\/div>\n\t\t\t\t<\/div>\n\t\t\t\t\t<\/div>\n\t\t<\/div>\n\t\t\t\t\t<\/div>\n\t\t<\/section>\n\t\t\t\t<section class=\"elementor-section elementor-top-section elementor-element elementor-element-d9cbcf2 elementor-section-boxed elementor-section-height-default elementor-section-height-default elementor-invisible\" data-id=\"d9cbcf2\" data-element_type=\"section\" data-e-type=\"section\" data-settings=\"{&quot;animation&quot;:&quot;fadeIn&quot;}\">\n\t\t\t\t\t\t<div class=\"elementor-container elementor-column-gap-default\">\n\t\t\t\t\t<div class=\"elementor-column elementor-col-100 elementor-top-column elementor-element elementor-element-f6ce5f8\" data-id=\"f6ce5f8\" data-element_type=\"column\" data-e-type=\"column\">\n\t\t\t<div class=\"elementor-widget-wrap elementor-element-populated\">\n\t\t\t\t\t\t<div class=\"elementor-element elementor-element-db43632 elementor-widget elementor-widget-image-gallery\" data-id=\"db43632\" data-element_type=\"widget\" data-e-type=\"widget\" data-widget_type=\"image-gallery.default\">\n\t\t\t\t<div class=\"elementor-widget-container\">\n\t\t\t\t\t\t\t<div class=\"elementor-image-gallery\">\n\t\t\t<div id='gallery-30' class='gallery galleryid-1827 gallery-columns-3 gallery-size-full'><figure class='gallery-item'>\n\t\t\t<div class='gallery-icon landscape'>\n\t\t\t\t<a  href='https:\/\/hedvigagutierrez.sk\/wp-content\/uploads\/2021\/05\/72.jpg'><img decoding=\"async\" width=\"2480\" height=\"2480\" src=\"https:\/\/hedvigagutierrez.sk\/wp-content\/uploads\/2021\/05\/72.jpg\" class=\"attachment-full size-full\" alt=\"T\u00e1bor\u00e1k &#039;21\u200b\" srcset=\"https:\/\/hedvigagutierrez.sk\/wp-content\/uploads\/2021\/05\/72.jpg 2480w, https:\/\/hedvigagutierrez.sk\/wp-content\/uploads\/2021\/05\/72-300x300.jpg 300w, https:\/\/hedvigagutierrez.sk\/wp-content\/uploads\/2021\/05\/72-1024x1024.jpg 1024w, https:\/\/hedvigagutierrez.sk\/wp-content\/uploads\/2021\/05\/72-150x150.jpg 150w, https:\/\/hedvigagutierrez.sk\/wp-content\/uploads\/2021\/05\/72-768x768.jpg 768w, https:\/\/hedvigagutierrez.sk\/wp-content\/uploads\/2021\/05\/72-1536x1536.jpg 1536w, https:\/\/hedvigagutierrez.sk\/wp-content\/uploads\/2021\/05\/72-2048x2048.jpg 2048w\" sizes=\"(max-width: 2480px) 100vw, 2480px\" title=\"T\u00e1bor\u00e1k &#039;21\u200b\" \/><\/a>\n\t\t\t<\/div><\/figure><figure class='gallery-item'>\n\t\t\t<div class='gallery-icon landscape'>\n\t\t\t\t<a  href='https:\/\/hedvigagutierrez.sk\/wp-content\/uploads\/2021\/05\/70.jpg'><img decoding=\"async\" width=\"2480\" height=\"2480\" src=\"https:\/\/hedvigagutierrez.sk\/wp-content\/uploads\/2021\/05\/70.jpg\" class=\"attachment-full size-full\" alt=\"T\u00e1bor\u00e1k &#039;21\u200b\" srcset=\"https:\/\/hedvigagutierrez.sk\/wp-content\/uploads\/2021\/05\/70.jpg 2480w, https:\/\/hedvigagutierrez.sk\/wp-content\/uploads\/2021\/05\/70-300x300.jpg 300w, https:\/\/hedvigagutierrez.sk\/wp-content\/uploads\/2021\/05\/70-1024x1024.jpg 1024w, https:\/\/hedvigagutierrez.sk\/wp-content\/uploads\/2021\/05\/70-150x150.jpg 150w, https:\/\/hedvigagutierrez.sk\/wp-content\/uploads\/2021\/05\/70-768x768.jpg 768w, https:\/\/hedvigagutierrez.sk\/wp-content\/uploads\/2021\/05\/70-1536x1536.jpg 1536w, https:\/\/hedvigagutierrez.sk\/wp-content\/uploads\/2021\/05\/70-2048x2048.jpg 2048w\" sizes=\"(max-width: 2480px) 100vw, 2480px\" title=\"T\u00e1bor\u00e1k &#039;21\u200b\" \/><\/a>\n\t\t\t<\/div><\/figure><figure class='gallery-item'>\n\t\t\t<div class='gallery-icon landscape'>\n\t\t\t\t<a  href='https:\/\/hedvigagutierrez.sk\/wp-content\/uploads\/2021\/05\/71.jpg'><img loading=\"lazy\" decoding=\"async\" width=\"2480\" height=\"2480\" src=\"https:\/\/hedvigagutierrez.sk\/wp-content\/uploads\/2021\/05\/71.jpg\" class=\"attachment-full size-full\" alt=\"T\u00e1bor\u00e1k &#039;21\u200b\" srcset=\"https:\/\/hedvigagutierrez.sk\/wp-content\/uploads\/2021\/05\/71.jpg 2480w, https:\/\/hedvigagutierrez.sk\/wp-content\/uploads\/2021\/05\/71-300x300.jpg 300w, https:\/\/hedvigagutierrez.sk\/wp-content\/uploads\/2021\/05\/71-1024x1024.jpg 1024w, https:\/\/hedvigagutierrez.sk\/wp-content\/uploads\/2021\/05\/71-150x150.jpg 150w, https:\/\/hedvigagutierrez.sk\/wp-content\/uploads\/2021\/05\/71-768x768.jpg 768w, https:\/\/hedvigagutierrez.sk\/wp-content\/uploads\/2021\/05\/71-1536x1536.jpg 1536w, https:\/\/hedvigagutierrez.sk\/wp-content\/uploads\/2021\/05\/71-2048x2048.jpg 2048w\" sizes=\"(max-width: 2480px) 100vw, 2480px\" title=\"T\u00e1bor\u00e1k &#039;21\u200b\" \/><\/a>\n\t\t\t<\/div><\/figure>\n\t\t<\/div>\n\t\t<\/div>\n\t\t\t\t\t\t<\/div>\n\t\t\t\t<\/div>\n\t\t\t\t\t<\/div>\n\t\t<\/div>\n\t\t\t\t\t<\/div>\n\t\t<\/section>\n\t\t\t\t<section class=\"elementor-section elementor-top-section elementor-element elementor-element-40cf272 elementor-section-boxed elementor-section-height-default elementor-section-height-default\" data-id=\"40cf272\" data-element_type=\"section\" data-e-type=\"section\">\n\t\t\t\t\t\t<div class=\"elementor-container elementor-column-gap-default\">\n\t\t\t\t\t<div class=\"elementor-column elementor-col-100 elementor-top-column elementor-element elementor-element-d601937\" data-id=\"d601937\" data-element_type=\"column\" data-e-type=\"column\">\n\t\t\t<div class=\"elementor-widget-wrap elementor-element-populated\">\n\t\t\t\t\t\t<div class=\"elementor-element elementor-element-995e7c1 elementor-widget elementor-widget-image\" data-id=\"995e7c1\" data-element_type=\"widget\" data-e-type=\"widget\" data-widget_type=\"image.default\">\n\t\t\t\t<div class=\"elementor-widget-container\">\n\t\t\t\t\t\t\t\t\t\t\t\t\t\t\t<img loading=\"lazy\" decoding=\"async\" width=\"2451\" height=\"2560\" src=\"https:\/\/hedvigagutierrez.sk\/wp-content\/uploads\/2021\/05\/Untitled-1-scaled.jpg\" class=\"attachment-full size-full wp-image-1842\" alt=\"T\u00e1bor\u00e1k &#039;21\u200b\" srcset=\"https:\/\/hedvigagutierrez.sk\/wp-content\/uploads\/2021\/05\/Untitled-1-scaled.jpg 2451w, https:\/\/hedvigagutierrez.sk\/wp-content\/uploads\/2021\/05\/Untitled-1-287x300.jpg 287w, https:\/\/hedvigagutierrez.sk\/wp-content\/uploads\/2021\/05\/Untitled-1-981x1024.jpg 981w, https:\/\/hedvigagutierrez.sk\/wp-content\/uploads\/2021\/05\/Untitled-1-768x802.jpg 768w, https:\/\/hedvigagutierrez.sk\/wp-content\/uploads\/2021\/05\/Untitled-1-1471x1536.jpg 1471w, https:\/\/hedvigagutierrez.sk\/wp-content\/uploads\/2021\/05\/Untitled-1-1961x2048.jpg 1961w\" sizes=\"(max-width: 2451px) 100vw, 2451px\" title=\"T\u00e1bor\u00e1k &#039;21\u200b\" \/>\t\t\t\t\t\t\t\t\t\t\t\t\t\t\t<\/div>\n\t\t\t\t<\/div>\n\t\t\t\t\t<\/div>\n\t\t<\/div>\n\t\t\t\t\t<\/div>\n\t\t<\/section>\n\t\t\t\t<\/div>\n\t\t","protected":false},"excerpt":{"rendered":"<p>T\u00e1bor\u00e1k &#8217;21 Dvojfarebn\u00e1 risografia z dielne Risoto-Akcia Korona 2021. Grafiku si m\u00f4\u017eete zak\u00fapi\u0165 TU.<\/p>\n","protected":false},"author":1,"featured_media":0,"parent":0,"menu_order":0,"comment_status":"closed","ping_status":"closed","template":"","meta":{"site-sidebar-layout":"no-sidebar","site-content-layout":"page-builder","ast-site-content-layout":"default","site-content-style":"default","site-sidebar-style":"default","ast-global-header-display":"","ast-banner-title-visibility":"","ast-main-header-display":"","ast-hfb-above-header-display":"","ast-hfb-below-header-display":"","ast-hfb-mobile-header-display":"","site-post-title":"disabled","ast-breadcrumbs-content":"","ast-featured-img":"disabled","footer-sml-layout":"","theme-transparent-header-meta":"default","adv-header-id-meta":"","stick-header-meta":"","header-above-stick-meta":"","header-main-stick-meta":"","header-below-stick-meta":"","astra-migrate-meta-layouts":"default","ast-page-background-enabled":"default","ast-page-background-meta":{"desktop":{"background-color":"","background-image":"","background-repeat":"repeat","background-position":"center center","background-size":"auto","background-attachment":"scroll","background-type":"","background-media":"","overlay-type":"","overlay-color":"","overlay-opacity":"","overlay-gradient":""},"tablet":{"background-color":"","background-image":"","background-repeat":"repeat","background-position":"center center","background-size":"auto","background-attachment":"scroll","background-type":"","background-media":"","overlay-type":"","overlay-color":"","overlay-opacity":"","overlay-gradient":""},"mobile":{"background-color":"","background-image":"","background-repeat":"repeat","background-position":"center center","background-size":"auto","background-attachment":"scroll","background-type":"","background-media":"","overlay-type":"","overlay-color":"","overlay-opacity":"","overlay-gradient":""}},"ast-content-background-meta":{"desktop":{"background-color":"var(--ast-global-color-5)","background-image":"","background-repeat":"repeat","background-position":"center center","background-size":"auto","background-attachment":"scroll","background-type":"","background-media":"","overlay-type":"","overlay-color":"","overlay-opacity":"","overlay-gradient":""},"tablet":{"background-color":"var(--ast-global-color-5)","background-image":"","background-repeat":"repeat","background-position":"center center","background-size":"auto","background-attachment":"scroll","background-type":"","background-media":"","overlay-type":"","overlay-color":"","overlay-opacity":"","overlay-gradient":""},"mobile":{"background-color":"var(--ast-global-color-5)","background-image":"","background-repeat":"repeat","background-position":"center center","background-size":"auto","background-attachment":"scroll","background-type":"","background-media":"","overlay-type":"","overlay-color":"","overlay-opacity":"","overlay-gradient":""}},"footnotes":""},"class_list":["post-1827","page","type-page","status-publish","hentry"],"aioseo_notices":[],"_links":{"self":[{"href":"https:\/\/hedvigagutierrez.sk\/index.php?rest_route=\/wp\/v2\/pages\/1827","targetHints":{"allow":["GET"]}}],"collection":[{"href":"https:\/\/hedvigagutierrez.sk\/index.php?rest_route=\/wp\/v2\/pages"}],"about":[{"href":"https:\/\/hedvigagutierrez.sk\/index.php?rest_route=\/wp\/v2\/types\/page"}],"author":[{"embeddable":true,"href":"https:\/\/hedvigagutierrez.sk\/index.php?rest_route=\/wp\/v2\/users\/1"}],"replies":[{"embeddable":true,"href":"https:\/\/hedvigagutierrez.sk\/index.php?rest_route=%2Fwp%2Fv2%2Fcomments&post=1827"}],"version-history":[{"count":6,"href":"https:\/\/hedvigagutierrez.sk\/index.php?rest_route=\/wp\/v2\/pages\/1827\/revisions"}],"predecessor-version":[{"id":2133,"href":"https:\/\/hedvigagutierrez.sk\/index.php?rest_route=\/wp\/v2\/pages\/1827\/revisions\/2133"}],"wp:attachment":[{"href":"https:\/\/hedvigagutierrez.sk\/index.php?rest_route=%2Fwp%2Fv2%2Fmedia&parent=1827"}],"curies":[{"name":"wp","href":"https:\/\/api.w.org\/{rel}","templated":true}]}}